{"id":798,"date":"2020-02-28T01:11:40","date_gmt":"2020-02-28T00:11:40","guid":{"rendered":"http:\/\/federqua.it\/?page_id=798"},"modified":"2021-09-28T10:07:15","modified_gmt":"2021-09-28T08:07:15","slug":"il-fotografo-per-la-tua-laurea-a-napoli","status":"publish","type":"page","link":"https:\/\/federqua.it\/es\/il-fotografo-per-la-tua-laurea-a-napoli\/","title":{"rendered":"EL FOT\u00d3GRAFO PARA TU T\u00cdTULO EN N\u00c1POLES"},"content":{"rendered":"\n<figure class=\"wp-block-image size-large\"><img loading=\"lazy\" decoding=\"async\" width=\"1024\" height=\"683\" src=\"http:\/\/federqua.it\/wp-content\/uploads\/2020\/02\/DSCF3622-1024x683.jpg\" alt=\"Discussione Laurea Aula Pessina\" class=\"wp-image-793\" srcset=\"https:\/\/federqua.it\/wp-content\/uploads\/2020\/02\/DSCF3622-1024x683.jpg 1024w, https:\/\/federqua.it\/wp-content\/uploads\/2020\/02\/DSCF3622-300x200.jpg 300w, https:\/\/federqua.it\/wp-content\/uploads\/2020\/02\/DSCF3622-768x512.jpg 768w, https:\/\/federqua.it\/wp-content\/uploads\/2020\/02\/DSCF3622-1536x1024.jpg 1536w, https:\/\/federqua.it\/wp-content\/uploads\/2020\/02\/DSCF3622.jpg 1920w\" sizes=\"auto, (max-width: 1024px) 100vw, 1024px\" \/><\/figure>\n\n\n\n<p>Stai cercando un <strong>fotografo professionista<\/strong> ed esperto, capace di raccontare la tua seduta di laurea a <strong>Napoli e provincia<\/strong>? Sei nel posto giusto.<\/p>\n\n\n\n<p>Non bisogna sottovalutare l&#8217;importanza di un<strong> bel reportage<\/strong> nel giorno in cui si celebra la fine di un percorso importante. Spesso preferiamo affidarci a soluzioni improvvisate, magari usando il telefonino per riprendere qualche scena. Nulla di paragonabile alla soddisfazione della<strong> foto giusta<\/strong>, una di quelle che metterai in un <strong>quadro<\/strong>, stamperai in un <strong><a href=\"http:\/\/federqua.it\/2020\/01\/26\/fotolibro-saal-digital-prova-federqua-polonia\/\">album<\/a><\/strong> o terrai come sfondo del computer.<\/p>\n\n\n\n<div class=\"wp-block-button aligncenter\"><a class=\"wp-block-button__link has-vivid-red-background-color has-text-color has-background\" href=\"http:\/\/federqua.it\/gallery\/feste-di-laurea\/\" style=\"color:#ffffff\">GUARDA LE MIE FOTO<\/a><\/div>\n\n\n\n<p>Sono un fotografo professionista e <strong>mi dedicher\u00f2 solo a te<\/strong>. Dal primo all&#8217;ultimo minuto. Goditi questo momento con i tuoi familiari e con gli amici: ti seguir\u00f2 durante l&#8217;intera seduta di laurea e anche durante i festeggiamenti; <strong>racconter\u00f2 la tua giornata speciale<\/strong> senza tralasciare nessun dettaglio, dalle emozioni di chi \u00e8 vicino a te fino al momento della tua <strong>proclamazione<\/strong>.<\/p>\n\n\n\n<p>Ho lavorato in <strong>tutte le universit\u00e0 della Campania<\/strong>, sono particolarmente referenziato alla <a href=\"http:\/\/www.unina.it\/home;jsessionid=97297C610B947C6D31A2C1106A66E1EC.node_publisher11\" target=\"_blank\" rel=\"noopener\">Federico II<\/a>, essendomi recentemente laureato in Giurisprudenza.<\/p>\n\n\n\n<h2 class=\"wp-block-heading\">Puoi contattarmi su Whatsapp:<\/h2>\n\n\n\n<div class=\"wp-block-jetpack-send-a-message\">\n<div class=\"wp-block-jetpack-whatsapp-button is-color-dark\"><a class=\"whatsapp-block__button\" href=\"https:\/\/api.whatsapp.com\/send?phone=393331811687&amp;text=Salve%2C%20vorrei%20informazioni%20per%20una%20laurea.\" style=\"background-color:#25D366;color:#fff\" target=\"_self\" rel=\"noopener noreferrer\">Chat su WhatsApp<\/a><\/div>\n<\/div>\n\n\n\n<p>Proprio per questa ragione conosco molto bene i tempi, i punti e le inquadrature migliori, per non perdere nemmeno un attimo del tuo evento speciale. <\/p>\n\n\n\n<figure class=\"wp-block-image size-large\"><img loading=\"lazy\" decoding=\"async\" width=\"1024\" height=\"683\" src=\"http:\/\/federqua.it\/wp-content\/uploads\/2019\/10\/Schermata-2019-10-21-alle-01.34.08-1-1024x683.jpg\" alt=\"Laurea Chiara Lettere\" class=\"wp-image-676\" srcset=\"https:\/\/federqua.it\/wp-content\/uploads\/2019\/10\/Schermata-2019-10-21-alle-01.34.08-1-1024x683.jpg 1024w, https:\/\/federqua.it\/wp-content\/uploads\/2019\/10\/Schermata-2019-10-21-alle-01.34.08-1-300x200.jpg 300w, https:\/\/federqua.it\/wp-content\/uploads\/2019\/10\/Schermata-2019-10-21-alle-01.34.08-1-768x513.jpg 768w\" sizes=\"auto, (max-width: 1024px) 100vw, 1024px\" \/><\/figure>\n\n\n\n<h2 class=\"has-text-align-center wp-block-heading\">Cosa ti offro:<\/h2>\n\n\n\n<div class=\"wp-block-columns is-layout-flex wp-container-core-columns-is-layout-28f84493 wp-block-columns-is-layout-flex\">\n<div class=\"wp-block-column is-layout-flow wp-block-column-is-layout-flow\">\n<p class=\"has-text-align-center\"><strong>Pacchetto laurea<\/strong><\/p>\n\n\n\n<ul class=\"wp-block-list\"><li>Fotografie illimitate consegnate in digitale<\/li><li>Sarai seguito anche dopo la discussione, durante i festeggiamenti all&#8217;interno dell&#8217;Universit\u00e0<\/li><li>Postproduzione e selezione in 3 giorni<\/li><\/ul>\n<\/div>\n\n\n\n<div class=\"wp-block-column is-layout-flow wp-block-column-is-layout-flow\">\n<p class=\"has-text-align-center\"><strong>Pacchetto aperitivo<\/strong><\/p>\n\n\n\n<ul class=\"wp-block-list\"><li>Tutti i vantaggi del pacchetto laurea<\/li><li>Ti seguo anche nel luogo in cui farai l&#8217;aperitivo<\/li><\/ul>\n<\/div>\n\n\n\n<div class=\"wp-block-column is-layout-flow wp-block-column-is-layout-flow\">\n<p class=\"has-text-align-center\"><strong>Pacchetto festa<\/strong><\/p>\n\n\n\n<ul class=\"wp-block-list\"><li>Tutti i vantaggi del pacchetto laurea<\/li><li>Prezzo speciale se mi chiami anche per la serata al locale!<\/li><\/ul>\n<\/div>\n<\/div>\n\n\n\n<p>Hai esigenze particolari, domande o curiosit\u00e0?<\/p>\n\n\n\n<div class=\"wp-block-button aligncenter\"><a class=\"wp-block-button__link has-vivid-red-background-color has-text-color has-background\" href=\"http:\/\/federqua.it\/contattami\/\" style=\"color:#ffffff\">CONTATTAMI!<\/a><\/div>\n\n\n\n<p>*Nel caso di una trasferta fuori Napoli, vanno concordate le spese di viaggio a parte. <\/p>\n\n\n\n<p><strong>N.B. <\/strong><br>Non sono affiliato in alcun modo ai fotografi che frequentano l&#8217;universit\u00e0 durante le sedute di laurea. <\/p>\n\n\n\n<figure class=\"wp-block-image size-large\"><img loading=\"lazy\" decoding=\"async\" width=\"1024\" height=\"682\" src=\"http:\/\/federqua.it\/wp-content\/uploads\/2019\/01\/Schermata-2019-01-01-alle-23.34.07-1024x682.jpg\" alt=\"Laurea fuori Giurisprudenza\" class=\"wp-image-223\" srcset=\"https:\/\/federqua.it\/wp-content\/uploads\/2019\/01\/Schermata-2019-01-01-alle-23.34.07-1024x682.jpg 1024w, https:\/\/federqua.it\/wp-content\/uploads\/2019\/01\/Schermata-2019-01-01-alle-23.34.07-300x200.jpg 300w, https:\/\/federqua.it\/wp-content\/uploads\/2019\/01\/Schermata-2019-01-01-alle-23.34.07-768x511.jpg 768w\" sizes=\"auto, (max-width: 1024px) 100vw, 1024px\" \/><\/figure>\n\n\n\n<h2 class=\"has-text-align-center wp-block-heading\">Lasciami il tuo numero, ti ricontatto per un preventivo!<\/h2>\n\n\n<div class=\"wpforms-container wpforms-container-full wpforms-block\" id=\"wpforms-365\"><form id=\"wpforms-form-365\" class=\"wpforms-validate wpforms-form\" data-formid=\"365\" method=\"post\" enctype=\"multipart\/form-data\" action=\"\/es\/wp-json\/wp\/v2\/pages\/798\" data-token=\"bd5258d21ecbfce4b3553050429f8d62\" data-token-time=\"1778704628\"><noscript class=\"wpforms-error-noscript\">Por favor, activa JavaScript en tu navegador para completar este formulario.<\/noscript><div class=\"wpforms-field-container\"><div id=\"wpforms-365-field_0-container\" class=\"wpforms-field wpforms-field-name\" data-field-id=\"0\"><label class=\"wpforms-field-label\" for=\"wpforms-365-field_0\">Nome <span class=\"wpforms-required-label\">*<\/span><\/label><input type=\"text\" id=\"wpforms-365-field_0\" class=\"wpforms-field-medium wpforms-field-required\" name=\"wpforms[fields][0]\" required><\/div><div id=\"wpforms-365-field_3-container\" class=\"wpforms-field wpforms-field-text\" data-field-id=\"3\"><label class=\"wpforms-field-label\" for=\"wpforms-365-field_3\">Data evento <span class=\"wpforms-required-label\">*<\/span><\/label><input type=\"text\" id=\"wpforms-365-field_3\" class=\"wpforms-field-medium wpforms-field-required\" name=\"wpforms[fields][3]\" required><\/div><div id=\"wpforms-365-field_4-container\" class=\"wpforms-field wpforms-field-text\" data-field-id=\"4\"><label class=\"wpforms-field-label\" for=\"wpforms-365-field_4\">Location dell&#039;evento<\/label><input type=\"text\" id=\"wpforms-365-field_4\" class=\"wpforms-field-medium\" name=\"wpforms[fields][4]\" ><\/div><div id=\"wpforms-365-field_5-container\" class=\"wpforms-field wpforms-field-text\" data-field-id=\"5\"><label class=\"wpforms-field-label\" for=\"wpforms-365-field_5\">Numero orientativo di invitati<\/label><input type=\"text\" id=\"wpforms-365-field_5\" class=\"wpforms-field-medium\" name=\"wpforms[fields][5]\" ><\/div><div id=\"wpforms-365-field_6-container\" class=\"wpforms-field wpforms-field-text\" data-field-id=\"6\"><label class=\"wpforms-field-label\" for=\"wpforms-365-field_6\">Numero di telefono o email per ricontattarti <span class=\"wpforms-required-label\">*<\/span><\/label><input type=\"text\" id=\"wpforms-365-field_6\" class=\"wpforms-field-medium wpforms-field-required\" name=\"wpforms[fields][6]\" required><\/div><div id=\"wpforms-365-field_2-container\" class=\"wpforms-field wpforms-field-textarea\" data-field-id=\"2\"><label class=\"wpforms-field-label\" for=\"wpforms-365-field_2\">Quali servizi desideri? <span class=\"wpforms-required-label\">*<\/span><\/label><textarea id=\"wpforms-365-field_2\" class=\"wpforms-field-medium wpforms-field-required\" name=\"wpforms[fields][2]\" required><\/textarea><\/div><\/div><!-- .wpforms-field-container --><div class=\"wpforms-recaptcha-container wpforms-is-recaptcha wpforms-is-recaptcha-type-v3\" ><input type=\"hidden\" name=\"wpforms[recaptcha]\" value=\"\"><\/div><div class=\"wpforms-submit-container\" ><input type=\"hidden\" name=\"wpforms[id]\" value=\"365\"><input type=\"hidden\" name=\"page_title\" value=\"\"><input type=\"hidden\" name=\"page_url\" value=\"https:\/\/federqua.it\/es\/wp-json\/wp\/v2\/pages\/798\"><input type=\"hidden\" name=\"url_referer\" value=\"\"><button type=\"submit\" name=\"wpforms[submit]\" id=\"wpforms-submit-365\" class=\"wpforms-submit\" data-alt-text=\"Inviando...\" data-submit-text=\"Invia\" aria-live=\"assertive\" value=\"wpforms-submit\">Invia<\/button><\/div><\/form><\/div>  <!-- .wpforms-container -->","protected":false},"excerpt":{"rendered":"<p>Stai cercando un fotografo professionista ed esperto, capace di raccontare la tua seduta di laurea a Napoli e provincia? Sei nel posto giusto. Non bisogna sottovalutare l&#8217;importanza di un bel reportage nel giorno in cui si celebra la fine di un percorso importante. Spesso preferiamo affidarci a soluzioni improvvisate, magari [&hellip;]<\/p>\n","protected":false},"author":3,"featured_media":793,"parent":0,"menu_order":0,"comment_status":"closed","ping_status":"closed","template":"","meta":{"_eb_attr":"","_themeisle_gutenberg_block_has_review":false,"footnotes":""},"class_list":["post-798","page","type-page","status-publish","has-post-thumbnail","hentry"],"_links":{"self":[{"href":"https:\/\/federqua.it\/es\/wp-json\/wp\/v2\/pages\/798","targetHints":{"allow":["GET"]}}],"collection":[{"href":"https:\/\/federqua.it\/es\/wp-json\/wp\/v2\/pages"}],"about":[{"href":"https:\/\/federqua.it\/es\/wp-json\/wp\/v2\/types\/page"}],"author":[{"embeddable":true,"href":"https:\/\/federqua.it\/es\/wp-json\/wp\/v2\/users\/3"}],"replies":[{"embeddable":true,"href":"https:\/\/federqua.it\/es\/wp-json\/wp\/v2\/comments?post=798"}],"version-history":[{"count":3,"href":"https:\/\/federqua.it\/es\/wp-json\/wp\/v2\/pages\/798\/revisions"}],"predecessor-version":[{"id":1180,"href":"https:\/\/federqua.it\/es\/wp-json\/wp\/v2\/pages\/798\/revisions\/1180"}],"wp:featuredmedia":[{"embeddable":true,"href":"https:\/\/federqua.it\/es\/wp-json\/wp\/v2\/media\/793"}],"wp:attachment":[{"href":"https:\/\/federqua.it\/es\/wp-json\/wp\/v2\/media?parent=798"}],"curies":[{"name":"wp","href":"https:\/\/api.w.org\/{rel}","templated":true}]}}