{"id":753,"date":"2020-02-17T01:33:04","date_gmt":"2020-02-17T00:33:04","guid":{"rendered":"http:\/\/federqua.it\/?page_id=753"},"modified":"2023-10-25T19:03:56","modified_gmt":"2023-10-25T17:03:56","slug":"fotografo-18-anni-napoli-festa-diciottesimo-eventi","status":"publish","type":"page","link":"https:\/\/federqua.it\/es\/fotografo-18-anni-napoli-festa-diciottesimo-eventi\/","title":{"rendered":"El fot\u00f3grafo de las fiestas de 18 a\u00f1os en N\u00e1poles"},"content":{"rendered":"\n<p>Sta per arrivare la tua festa di <strong>18 anni<\/strong> e sei alla ricerca del <strong>fotografo giusto<\/strong>, quello che sa cogliere un sorriso spontaneo o si fa trovare pronto durante un <strong>momento unico <\/strong>come un bacio, uno di quelli che da solo \u00e8 pi\u00f9 importante dell&#8217;intera serata. <\/p>\n\n\n\n<p>Ecco perch\u00e9 racconto la festa come un <strong>reportage<\/strong>. Amo mischiarmi fra gli invitati, stringere amicizia e realizzare <strong>foto spontanee e originali<\/strong>: grazie alla mia giovane et\u00e0, cade il muro della soggezione che pu\u00f2 crearsi fra diciottenni e adulti.<br>Non vanno poi trascurati i <strong>momenti pi\u00f9 importanti della serata<\/strong>, quelli che stampiamo e mettiamo in un <strong>album<\/strong>: dalle foto con la famiglia davanti alla torta, passando agli sguardi emozionati durante il video, fino ad arrivare agli abbracci con gli amici ad inizio serata. <strong>Ogni dettaglio \u00e8 fondamentale<\/strong> e lo fotografo raccontandone la storia. <\/p>\n\n\n\n<h2 class=\"wp-block-heading\">Contattami su Whatsapp<\/h2>\n\n\n\n<div class=\"wp-block-jetpack-send-a-message\">\n\n<div class=\"wp-block-jetpack-whatsapp-button is-color-dark\"><a class=\"whatsapp-block__button\" href=\"https:\/\/api.whatsapp.com\/send?phone=393331811687&amp;text=Salve%2C%20vorrei%20avere%20maggiori%20informazioni%20per%20una%20festa%20di%2018%20anni%20\" style=\"background-color:#25D366;color:#fff\" target=\"_blank\" rel=\"noopener noreferrer\">Chat su WhatsApp<\/a><\/div>\n\n<\/div>\n\n\n\n<p>Il mio modo di operare, pur stando in mezzo ai ragazzi, \u00e8 molto <strong>discreto<\/strong> e <strong>cerco di non dar fastidio<\/strong> con fotografie non richieste. Nelle feste pi\u00f9 numerose mi avvalgo di<strong> assistenti professionisti. <\/strong><\/p>\n\n\n\n<figure class=\"wp-block-image size-large\"><img loading=\"lazy\" decoding=\"async\" width=\"1024\" height=\"683\" src=\"http:\/\/federqua.it\/wp-content\/uploads\/2022\/09\/Festa-Rossella-281-1024x683.jpg\" alt=\"\" class=\"wp-image-2176\" srcset=\"https:\/\/federqua.it\/wp-content\/uploads\/2022\/09\/Festa-Rossella-281-1024x683.jpg 1024w, https:\/\/federqua.it\/wp-content\/uploads\/2022\/09\/Festa-Rossella-281-300x200.jpg 300w, https:\/\/federqua.it\/wp-content\/uploads\/2022\/09\/Festa-Rossella-281-768x512.jpg 768w, https:\/\/federqua.it\/wp-content\/uploads\/2022\/09\/Festa-Rossella-281-1536x1024.jpg 1536w, https:\/\/federqua.it\/wp-content\/uploads\/2022\/09\/Festa-Rossella-281-2048x1365.jpg 2048w, https:\/\/federqua.it\/wp-content\/uploads\/2022\/09\/Festa-Rossella-281-1200x800.jpg 1200w\" sizes=\"auto, (max-width: 1024px) 100vw, 1024px\" \/><\/figure>\n\n\n\n<div class=\"wp-block-button aligncenter is-style-fill\"><a class=\"wp-block-button__link has-text-color has-background wp-element-button\" href=\"http:\/\/federqua.it\/contattami\/\" style=\"color:#ffffff;background-color:#c32d2d\">PRENOTA LA TUA FESTA<\/a><\/div>\n\n\n\n<p><strong>Faccio sempre vedere ai diretti interessati la fotografia che ho scattato<\/strong>. E se non convince si ripete. La regola del fotografo \u00e8 una: <strong><em>la foto si pu\u00f2 sempre rifare, finch\u00e9 non ti piace<\/em>. <\/strong> <\/p>\n\n\n\n<p>Le foto sono sempre consegnate in <strong>massima definizione<\/strong>, idonee per stampa anche su poster, su dischetto o via WeTransfer. <br>Invio anche <strong>immagini ottimizzate<\/strong> per essere condivise su Whatsapp, Instagram e su altri social <strong>nella migliore qualit\u00e0<\/strong>! <\/p>\n\n\n\n<figure class=\"wp-block-image size-large\"><img loading=\"lazy\" decoding=\"async\" width=\"1024\" height=\"683\" src=\"http:\/\/federqua.it\/wp-content\/uploads\/2023\/10\/4F3A7736-1024x683.jpeg\" alt=\"\" class=\"wp-image-3182\" srcset=\"https:\/\/federqua.it\/wp-content\/uploads\/2023\/10\/4F3A7736-1024x683.jpeg 1024w, https:\/\/federqua.it\/wp-content\/uploads\/2023\/10\/4F3A7736-300x200.jpeg 300w, https:\/\/federqua.it\/wp-content\/uploads\/2023\/10\/4F3A7736-768x512.jpeg 768w, https:\/\/federqua.it\/wp-content\/uploads\/2023\/10\/4F3A7736-1536x1024.jpeg 1536w, https:\/\/federqua.it\/wp-content\/uploads\/2023\/10\/4F3A7736-2048x1365.jpeg 2048w, https:\/\/federqua.it\/wp-content\/uploads\/2023\/10\/4F3A7736-360x240.jpeg 360w\" sizes=\"auto, (max-width: 1024px) 100vw, 1024px\" \/><\/figure>\n\n\n\n<p>Con dieci anni di servizio, un team di tre fotografi professionisti, <strong>pi\u00f9 di 500 feste in tutta la Campania<\/strong> e clienti sempre soddisfatti, <strong>non vedo l&#8217;ora di raccontare il tuo diciottesimo<\/strong>: il fotografo giusto \u00e8 il miglior regalo per un momento che durer\u00e0 in eterno.<\/p>\n\n\n\n<div class=\"wp-block-button aligncenter\"><a class=\"wp-block-button__link has-vivid-red-background-color has-text-color has-background wp-element-button\" href=\"https:\/\/federqua.it\/come-ti-racconto-un-diciottesimo\/\" style=\"color:#ffffff\" target=\"_blank\" rel=\"noreferrer noopener\">GUARDA LE MIE FOTOGRAFIE<\/a><\/div>\n\n\n\n<h2 class=\"wp-block-heading has-text-align-center\">I pacchetti che ti offro<\/h2>\n\n\n\n<div class=\"wp-block-columns alignwide is-layout-flex wp-container-core-columns-is-layout-d2da2050 wp-block-columns-is-layout-flex\" style=\"margin-bottom:0\">\n<div class=\"wp-block-column has-text-color has-background has-link-color wp-elements-5eee17fc48c4c41eb7dddc61dfd1f112 is-layout-flow wp-block-column-is-layout-flow\" style=\"color:#000000;background-color:#ffe97d;padding-top:2em;padding-right:2em;padding-bottom:2em;padding-left:2em\">\n<h2 class=\"wp-block-heading has-text-align-center\" id=\"single\" style=\"font-size:40px\"><strong>Base<\/strong><\/h2>\n\n\n\n<p class=\"has-text-align-center has-normal-font-size\" style=\"line-height:1.5\"><strong>Il racconto digitale della festa<\/strong><\/p>\n\n\n\n<hr class=\"wp-block-separator has-text-color has-css-opacity has-background is-style-wide\" style=\"background-color:#000000;color:#000000\"\/>\n\n\n\n<ul class=\"has-normal-font-size wp-block-list\">\n<li>Un fotografo per tutta la serata<\/li>\n\n\n\n<li>Scatti illimitati<\/li>\n\n\n\n<li>Consegna rapida<\/li>\n\n\n\n<li>Selezione e sviluppo degli scatti in tre giorni<\/li>\n<\/ul>\n<\/div>\n\n\n\n<div class=\"wp-block-column has-text-color has-background has-link-color wp-elements-0331c7870f3227ca591f7f30a5459cde is-layout-flow wp-block-column-is-layout-flow\" style=\"color:#000000;background-color:#d1d1e1;padding-top:2em;padding-right:2em;padding-bottom:2em;padding-left:2em\">\n<h2 class=\"wp-block-heading has-text-align-center\" id=\"family\" style=\"font-size:40px\"><strong>Polaroid<\/strong><\/h2>\n\n\n\n<p class=\"has-text-align-center has-normal-font-size\" style=\"line-height:1.5\"><strong>Tutti le vogliono: regala un ricordo!<\/strong><\/p>\n\n\n\n<hr class=\"wp-block-separator has-css-opacity is-style-wide\"\/>\n\n\n\n<ul class=\"has-normal-font-size wp-block-list\">\n<li>Pacchetto digitale<\/li>\n\n\n\n<li>Stampa delle polaroid<\/li>\n\n\n\n<li>(optional) scelta di una cornice<\/li>\n<\/ul>\n<\/div>\n\n\n\n<div class=\"wp-block-column has-text-color has-background has-link-color wp-elements-21799b31362b12238f8127aebb5aba64 is-layout-flow wp-block-column-is-layout-flow\" style=\"color:#000000;background-color:#c0ebf1;padding-top:2em;padding-right:2em;padding-bottom:2em;padding-left:2em\">\n<h2 class=\"wp-block-heading has-text-align-center\" id=\"patron\" style=\"font-size:40px\"><strong>Completo<\/strong><\/h2>\n\n\n\n<p class=\"has-text-align-center has-normal-font-size\"><strong>Per non perdere nulla.<\/strong><\/p>\n\n\n\n<hr class=\"wp-block-separator has-css-opacity is-style-wide\"\/>\n\n\n\n<ul class=\"has-normal-font-size wp-block-list\">\n<li>Pacchetto digitale<\/li>\n\n\n\n<li>Consegna digitale prioritaria su archivio dedicato<\/li>\n\n\n\n<li>Pacchetto polaroid o stampe 10&#215;15 senza variazioni di prezzo<\/li>\n\n\n\n<li>Album della festa <\/li>\n<\/ul>\n<\/div>\n<\/div>\n\n\n\n<ul class=\"wp-block-list\">\n<li>Hai progettato una festa davvero unica? <a href=\"http:\/\/federqua.it\/contattami\/\">Descrivimi le tue esigenze<\/a>: prover\u00f2 a realizzare ogni tuo desiderio!<\/li>\n\n\n\n<li>Sei uno studente di <a href=\"https:\/\/www.studyroom.it\/\" target=\"_blank\" rel=\"noopener\">Study Room<\/a>? Mostrami la tua tessera, avrai uno sconto!<\/li>\n<\/ul>\n\n\n\n<div class=\"wp-block-jetpack-send-a-message\">\n\n<div class=\"wp-block-jetpack-whatsapp-button is-color-dark\"><a class=\"whatsapp-block__button\" href=\"https:\/\/api.whatsapp.com\/send?phone=393331811687&amp;text=Salve%2C%20ho%20preso%20le%20informazioni%20di%20WhatsApp%20dal%20sito%20web.\" style=\"background-color:#25D366;color:#fff\" target=\"_blank\" rel=\"noopener noreferrer\">Chat su WhatsApp<\/a><\/div>\n\n<\/div>\n\n\n\n<figure class=\"wp-block-image size-large\"><img loading=\"lazy\" decoding=\"async\" width=\"1024\" height=\"683\" src=\"http:\/\/federqua.it\/wp-content\/uploads\/2023\/10\/Noemi-180-1024x683.jpeg\" alt=\"\" class=\"wp-image-3226\" srcset=\"https:\/\/federqua.it\/wp-content\/uploads\/2023\/10\/Noemi-180-1024x683.jpeg 1024w, https:\/\/federqua.it\/wp-content\/uploads\/2023\/10\/Noemi-180-300x200.jpeg 300w, https:\/\/federqua.it\/wp-content\/uploads\/2023\/10\/Noemi-180-768x512.jpeg 768w, https:\/\/federqua.it\/wp-content\/uploads\/2023\/10\/Noemi-180-1536x1024.jpeg 1536w, https:\/\/federqua.it\/wp-content\/uploads\/2023\/10\/Noemi-180-2048x1365.jpeg 2048w, https:\/\/federqua.it\/wp-content\/uploads\/2023\/10\/Noemi-180-360x240.jpeg 360w\" sizes=\"auto, (max-width: 1024px) 100vw, 1024px\" \/><\/figure>\n\n\n\n<h2 class=\"wp-block-heading has-text-align-center\">Scrivimi il tuo numero: sentiamoci su Whatsapp o telefonicamente!<\/h2>\n\n\n<div class=\"wpforms-container wpforms-container-full wpforms-block wpforms-block-93dd008e-e351-4e30-9df5-c67145531440\" id=\"wpforms-365\"><form id=\"wpforms-form-365\" class=\"wpforms-validate wpforms-form\" data-formid=\"365\" method=\"post\" enctype=\"multipart\/form-data\" action=\"\/es\/wp-json\/wp\/v2\/pages\/753\" data-token=\"e82d061b86893c634e7ad431403e0e7f\" data-token-time=\"1778863791\"><noscript class=\"wpforms-error-noscript\">Por favor, activa JavaScript en tu navegador para completar este formulario.<\/noscript><div class=\"wpforms-field-container\"><div id=\"wpforms-365-field_0-container\" class=\"wpforms-field wpforms-field-name\" data-field-id=\"0\"><label class=\"wpforms-field-label\" for=\"wpforms-365-field_0\">Nome <span class=\"wpforms-required-label\">*<\/span><\/label><input type=\"text\" id=\"wpforms-365-field_0\" class=\"wpforms-field-medium wpforms-field-required\" name=\"wpforms[fields][0]\" required><\/div><div id=\"wpforms-365-field_3-container\" class=\"wpforms-field wpforms-field-text\" data-field-id=\"3\"><label class=\"wpforms-field-label\" for=\"wpforms-365-field_3\">Data evento <span class=\"wpforms-required-label\">*<\/span><\/label><input type=\"text\" id=\"wpforms-365-field_3\" class=\"wpforms-field-medium wpforms-field-required\" name=\"wpforms[fields][3]\" required><\/div><div id=\"wpforms-365-field_4-container\" class=\"wpforms-field wpforms-field-text\" data-field-id=\"4\"><label class=\"wpforms-field-label\" for=\"wpforms-365-field_4\">Location dell&#039;evento<\/label><input type=\"text\" id=\"wpforms-365-field_4\" class=\"wpforms-field-medium\" name=\"wpforms[fields][4]\" ><\/div><div id=\"wpforms-365-field_5-container\" class=\"wpforms-field wpforms-field-text\" data-field-id=\"5\"><label class=\"wpforms-field-label\" for=\"wpforms-365-field_5\">Numero orientativo di invitati<\/label><input type=\"text\" id=\"wpforms-365-field_5\" class=\"wpforms-field-medium\" name=\"wpforms[fields][5]\" ><\/div>\t\t<div id=\"wpforms-365-field_1-container\"\n\t\t\tclass=\"wpforms-field wpforms-field-text\"\n\t\t\tdata-field-type=\"text\"\n\t\t\tdata-field-id=\"1\"\n\t\t\t>\n\t\t\t<label class=\"wpforms-field-label\" for=\"wpforms-365-field_1\" >di servizi telefono<\/label>\n\t\t\t<input type=\"text\" id=\"wpforms-365-field_1\" class=\"wpforms-field-medium\" name=\"wpforms[fields][1]\" >\n\t\t<\/div>\n\t\t<div id=\"wpforms-365-field_6-container\" class=\"wpforms-field wpforms-field-text\" data-field-id=\"6\"><label class=\"wpforms-field-label\" for=\"wpforms-365-field_6\">Numero di telefono o email per ricontattarti <span class=\"wpforms-required-label\">*<\/span><\/label><input type=\"text\" id=\"wpforms-365-field_6\" class=\"wpforms-field-medium wpforms-field-required\" name=\"wpforms[fields][6]\" required><\/div><div id=\"wpforms-365-field_2-container\" class=\"wpforms-field wpforms-field-textarea\" data-field-id=\"2\"><label class=\"wpforms-field-label\" for=\"wpforms-365-field_2\">Quali servizi desideri? <span class=\"wpforms-required-label\">*<\/span><\/label><textarea id=\"wpforms-365-field_2\" class=\"wpforms-field-medium wpforms-field-required\" name=\"wpforms[fields][2]\" required><\/textarea><\/div><script>\n\t\t\t\t( function() {\n\t\t\t\t\tconst style = document.createElement( 'style' );\n\t\t\t\t\tstyle.appendChild( document.createTextNode( '#wpforms-365-field_1-container { position: absolute !important; overflow: hidden !important; display: inline !important; height: 1px !important; width: 1px !important; z-index: -1000 !important; padding: 0 !important; } #wpforms-365-field_1-container input { visibility: hidden; } #wpforms-conversational-form-page #wpforms-365-field_1-container label { counter-increment: none; }' ) );\n\t\t\t\t\tdocument.head.appendChild( style );\n\t\t\t\t\tdocument.currentScript?.remove();\n\t\t\t\t} )();\n\t\t\t<\/script><\/div><!-- .wpforms-field-container --><div class=\"wpforms-recaptcha-container wpforms-is-recaptcha wpforms-is-recaptcha-type-v3\" ><input type=\"hidden\" name=\"wpforms[recaptcha]\" value=\"\"><\/div><div class=\"wpforms-submit-container\" ><input type=\"hidden\" name=\"wpforms[id]\" value=\"365\"><input type=\"hidden\" name=\"page_title\" value=\"\"><input type=\"hidden\" name=\"page_url\" value=\"https:\/\/federqua.it\/es\/wp-json\/wp\/v2\/pages\/753\"><input type=\"hidden\" name=\"url_referer\" value=\"\"><button type=\"submit\" name=\"wpforms[submit]\" id=\"wpforms-submit-365\" class=\"wpforms-submit\" data-alt-text=\"Inviando...\" data-submit-text=\"Invia\" aria-live=\"assertive\" value=\"wpforms-submit\">Invia<\/button><\/div><\/form><\/div>  <!-- .wpforms-container -->\n\n\n<figure class=\"wp-block-image\"><img loading=\"lazy\" decoding=\"async\" width=\"1024\" height=\"684\" src=\"http:\/\/federqua.it\/wp-content\/uploads\/2019\/10\/Schermata-2019-10-21-alle-01.16.34-1024x684.jpg\" alt=\"\" class=\"wp-image-636\" srcset=\"https:\/\/federqua.it\/wp-content\/uploads\/2019\/10\/Schermata-2019-10-21-alle-01.16.34-1024x684.jpg 1024w, https:\/\/federqua.it\/wp-content\/uploads\/2019\/10\/Schermata-2019-10-21-alle-01.16.34-300x200.jpg 300w, https:\/\/federqua.it\/wp-content\/uploads\/2019\/10\/Schermata-2019-10-21-alle-01.16.34-768x513.jpg 768w\" sizes=\"auto, (max-width: 1024px) 100vw, 1024px\" \/><\/figure>\n","protected":false},"excerpt":{"rendered":"<p>Sta per arrivare la tua festa di 18 anni e sei alla ricerca del fotografo giusto, quello che sa cogliere un sorriso spontaneo o si fa trovare pronto durante un momento unico come un bacio, uno di quelli che da solo \u00e8 pi\u00f9 importante dell&#8217;intera serata. Ecco perch\u00e9 racconto la [&hellip;]<\/p>\n","protected":false},"author":3,"featured_media":2213,"parent":0,"menu_order":0,"comment_status":"closed","ping_status":"closed","template":"","meta":{"_eb_attr":"","_themeisle_gutenberg_block_has_review":false,"footnotes":""},"class_list":["post-753","page","type-page","status-publish","has-post-thumbnail","hentry"],"_links":{"self":[{"href":"https:\/\/federqua.it\/es\/wp-json\/wp\/v2\/pages\/753","targetHints":{"allow":["GET"]}}],"collection":[{"href":"https:\/\/federqua.it\/es\/wp-json\/wp\/v2\/pages"}],"about":[{"href":"https:\/\/federqua.it\/es\/wp-json\/wp\/v2\/types\/page"}],"author":[{"embeddable":true,"href":"https:\/\/federqua.it\/es\/wp-json\/wp\/v2\/users\/3"}],"replies":[{"embeddable":true,"href":"https:\/\/federqua.it\/es\/wp-json\/wp\/v2\/comments?post=753"}],"version-history":[{"count":6,"href":"https:\/\/federqua.it\/es\/wp-json\/wp\/v2\/pages\/753\/revisions"}],"predecessor-version":[{"id":4480,"href":"https:\/\/federqua.it\/es\/wp-json\/wp\/v2\/pages\/753\/revisions\/4480"}],"wp:featuredmedia":[{"embeddable":true,"href":"https:\/\/federqua.it\/es\/wp-json\/wp\/v2\/media\/2213"}],"wp:attachment":[{"href":"https:\/\/federqua.it\/es\/wp-json\/wp\/v2\/media?parent=753"}],"curies":[{"name":"wp","href":"https:\/\/api.w.org\/{rel}","templated":true}]}}