{"id":4506,"date":"2025-04-02T23:29:27","date_gmt":"2025-04-02T21:29:27","guid":{"rendered":"https:\/\/federqua.it\/?page_id=4506"},"modified":"2025-09-16T22:27:26","modified_gmt":"2025-09-16T20:27:26","slug":"prezzi-quanto-costa-un-servizio-fotografico-matrimoniale","status":"publish","type":"page","link":"https:\/\/federqua.it\/es\/prezzi-quanto-costa-un-servizio-fotografico-matrimoniale\/","title":{"rendered":"Precios \u2013 \u00bfCu\u00e1nto cuesta un servicio de fotograf\u00eda de bodas?"},"content":{"rendered":"<p>Cada boda es diferente y, en un servicio profesional,<strong> No hay &quot;men\u00fas&quot; como en un restaurante.<\/strong>:un servicio puede variar debido a servicios extra o viajes largos, o un presupuesto puede ser <strong>reducido<\/strong> cuando las circunstancias requieran una reducci\u00f3n de las horas de trabajo, como en el caso de eventos que tengan lugar en el mismo lugar o en un <strong>microboda.<\/strong><\/p>\n\n\n\n<p>Se estudia cada propuesta <strong>basado en sus necesidades<\/strong>: <strong>contacto humano y empat\u00eda<\/strong> Son la base fundamental de mis servicios fotogr\u00e1ficos.<\/p>\n\n\n\n<div class=\"wp-block-cover alignfull has-custom-content-position is-position-top-left\" style=\"margin-top:0;padding-top:5vw;padding-right:5vw;padding-bottom:5vw;padding-left:5vw;min-height:187px;aspect-ratio:unset;\"><img decoding=\"async\" class=\"wp-block-cover__image-background wp-image-333\" alt=\"\" src=\"https:\/\/pd.w.org\/2022\/07\/87262c92d42acd1c3.73206444.jpg\" style=\"object-position:50% 0%\" data-object-fit=\"cover\" data-object-position=\"50% 0%\"\/><span aria-hidden=\"true\" class=\"wp-block-cover__background has-background-dim-90 has-background-dim\" style=\"background-color:#141414\"><\/span><div class=\"wp-block-cover__inner-container is-layout-flow wp-block-cover-is-layout-flow\">\n<div class=\"wp-block-group wp-container-content-9cfa9a5a is-vertical is-content-justification-center is-nowrap is-layout-flex wp-container-core-group-is-layout-b29eb492 wp-block-group-is-layout-flex\">\n<p class=\"has-text-align-center has-text-color has-source-serif-pro-font-family\" style=\"color:#d8a557;font-size:54px;font-style:italic;font-weight:900;letter-spacing:-4px;line-height:0.8;text-transform:none\">\u00a1Las fechas vuelan! \u00a1Reserva ya!<\/p>\n<\/div>\n<\/div><\/div>\n\n\n\n<div class=\"wp-block-group alignfull animated fadeIn\" style=\"margin-top:0px;margin-bottom:0px;padding-top:0px;padding-right:0px;padding-bottom:0px;padding-left:0px\"><div class=\"wp-block-group__inner-container is-layout-flow wp-container-core-group-is-layout-10d01144 wp-block-group-is-layout-flow\">\n<div class=\"wp-block-columns are-vertically-aligned-center animated fadeInLeft is-layout-flex wp-container-core-columns-is-layout-d2ca7aa4 wp-block-columns-is-layout-flex\">\n<div class=\"wp-block-column is-vertically-aligned-center has-raft-bg-alt-background-color has-background is-layout-flow wp-block-column-is-layout-flow\" style=\"padding-top:32px;padding-right:32px;padding-bottom:32px;padding-left:32px\"><div class=\"wp-block-image\">\n<figure class=\"aligncenter size-large\"><img loading=\"lazy\" decoding=\"async\" width=\"683\" height=\"1024\" src=\"https:\/\/federqua.it\/wp-content\/uploads\/2024\/10\/Matrimonio-F6P-659-683x1024.jpg\" alt=\"\" class=\"wp-image-4361\" srcset=\"https:\/\/federqua.it\/wp-content\/uploads\/2024\/10\/Matrimonio-F6P-659-683x1024.jpg 683w, https:\/\/federqua.it\/wp-content\/uploads\/2024\/10\/Matrimonio-F6P-659-200x300.jpg 200w, https:\/\/federqua.it\/wp-content\/uploads\/2024\/10\/Matrimonio-F6P-659-768x1152.jpg 768w, https:\/\/federqua.it\/wp-content\/uploads\/2024\/10\/Matrimonio-F6P-659-1024x1536.jpg 1024w, https:\/\/federqua.it\/wp-content\/uploads\/2024\/10\/Matrimonio-F6P-659-1365x2048.jpg 1365w, https:\/\/federqua.it\/wp-content\/uploads\/2024\/10\/Matrimonio-F6P-659-scaled.jpg 1707w\" sizes=\"auto, (max-width: 683px) 100vw, 683px\" \/><\/figure>\n<\/div><\/div>\n\n\n\n<div class=\"wp-block-column is-vertically-aligned-center is-layout-flow wp-block-column-is-layout-flow\" style=\"padding-top:32px;padding-right:32px;padding-bottom:32px;padding-left:32px\">\n<div class=\"wp-block-group\"><div class=\"wp-block-group__inner-container is-layout-constrained wp-container-core-group-is-layout-6d6486c8 wp-block-group-is-layout-constrained\">\n<h2 class=\"wp-block-heading has-text-align-center\">Boda de todo el d\u00eda<\/h2>\n\n\n\n<ul class=\"wp-block-list\">\n<li>\u2705 Solo digital: <strong>\u00a1SOLICITA PRESUPUESTO!<\/strong><\/li>\n\n\n\n<li>\u2705 <em>BONUS: Si reservas ahora, te regalo las Polaroids entregadas al instante<\/em><\/li>\n\n\n\n<li><br>\u2022 10 horas de cobertura fotogr\u00e1fica<br>\u2022 Adem\u00e1s de otras 30 a 40 horas de edici\u00f3n de fotos despu\u00e9s de tu d\u00eda. <br>\u2022 Viaje gratuito a Campania<br>\u2022 Galer\u00eda digital privada con m\u00e1s de 600-700 fotograf\u00edas seleccionadas y editadas a mano.<br>\u2022 Un archivo digital para descargar fotograf\u00edas en calidad original<\/li>\n<\/ul>\n<\/div><\/div>\n<\/div>\n<\/div>\n\n\n\n<div id=\"wp-block-themeisle-blocks-advanced-columns-678cc482\" class=\"wp-block-themeisle-blocks-advanced-columns alignfull has-1-columns has-desktop-equal-layout has-tablet-equal-layout has-mobile-collapsedRows-layout has-reverse-columns-mobile has-vertical-bottom ticss-c00aadba animated fadeIn\"><div class=\"wp-block-themeisle-blocks-advanced-columns-overlay\"><\/div><div class=\"innerblocks-wrap\">\n<div id=\"wp-block-themeisle-blocks-advanced-column-4d412c51\" class=\"wp-block-themeisle-blocks-advanced-column\">\n<h2 id=\"wp-block-themeisle-blocks-advanced-heading-fb3c7a39\" class=\"wp-block-themeisle-blocks-advanced-heading wp-block-themeisle-blocks-advanced-heading-fb3c7a39\">\u00bfQu\u00e9 estoy pagando?<\/h2>\n\n\n\n<p class=\"has-text-align-center has-text-color\" style=\"color:#fefefe\">La recepci\u00f3n implica mucho m\u00e1s que las horas que se pasan all\u00ed. <br>Desde la actualizaci\u00f3n continua de equipos hasta la edici\u00f3n. Te acompa\u00f1o en este enlace a descubrir lo que sucede \u201cdetr\u00e1s de escena\u201d cuando inviertes en mi profesionalidad.<\/p>\n\n\n\n<div class=\"wp-block-buttons is-content-justification-center is-layout-flex wp-container-core-buttons-is-layout-a89b3969 wp-block-buttons-is-layout-flex\">\n<div class=\"wp-block-button\"><a class=\"wp-block-button__link wp-element-button\" href=\"https:\/\/federqua.it\/es\/2025\/04\/03\/su-cosa-sto-investendo-ti-spiego-il-lavoro-del-fotografo-professionista\/\">Descubra m\u00e1s<\/a><\/div>\n<\/div>\n<\/div>\n<\/div><\/div>\n<\/div><\/div>\n\n\n\n<div class=\"wp-block-columns are-vertically-aligned-center is-layout-flex wp-container-core-columns-is-layout-d2ca7aa4 wp-block-columns-is-layout-flex\">\n<div class=\"wp-block-column is-vertically-aligned-center animated fadeInRight has-raft-bg-alt-background-color has-background is-layout-flow wp-block-column-is-layout-flow\" style=\"padding-top:32px;padding-right:32px;padding-bottom:32px;padding-left:32px\"><div class=\"wp-block-image\">\n<figure class=\"aligncenter size-large\"><img loading=\"lazy\" decoding=\"async\" width=\"1024\" height=\"683\" src=\"https:\/\/federqua.it\/wp-content\/uploads\/2024\/10\/Matrimonio-CM-0850-1024x683.jpg\" alt=\"\" class=\"wp-image-4329\" srcset=\"https:\/\/federqua.it\/wp-content\/uploads\/2024\/10\/Matrimonio-CM-0850-1024x683.jpg 1024w, https:\/\/federqua.it\/wp-content\/uploads\/2024\/10\/Matrimonio-CM-0850-300x200.jpg 300w, https:\/\/federqua.it\/wp-content\/uploads\/2024\/10\/Matrimonio-CM-0850-768x512.jpg 768w, https:\/\/federqua.it\/wp-content\/uploads\/2024\/10\/Matrimonio-CM-0850-1536x1024.jpg 1536w, https:\/\/federqua.it\/wp-content\/uploads\/2024\/10\/Matrimonio-CM-0850-2048x1365.jpg 2048w, https:\/\/federqua.it\/wp-content\/uploads\/2024\/10\/Matrimonio-CM-0850-360x240.jpg 360w\" sizes=\"auto, (max-width: 1024px) 100vw, 1024px\" \/><\/figure>\n<\/div><\/div>\n\n\n\n<div class=\"wp-block-column is-vertically-aligned-center animated fadeInRight is-layout-flow wp-block-column-is-layout-flow\" style=\"padding-top:32px;padding-right:32px;padding-bottom:32px;padding-left:32px\">\n<div class=\"wp-block-group\"><div class=\"wp-block-group__inner-container is-layout-constrained wp-container-core-group-is-layout-6d6486c8 wp-block-group-is-layout-constrained\">\n<h2 class=\"wp-block-heading\">Mini boda<\/h2>\n\n\n\n<p>Si tu boda tiene menos de 80 invitados, la ceremonia y la recepci\u00f3n son en el mismo lugar, la duraci\u00f3n es menor a lo habitual o deseas cobertura fotogr\u00e1fica solo de una parte del evento, tenemos diferentes calificaciones. <\/p>\n\n\n\n<p>\u2705 Oferta solo digital: <strong>a partir de 1500\u20ac<\/strong><\/p>\n\n\n\n<p><strong>\u2705 <\/strong><em>BONUS: Si reservas ahora, te regalo las Polaroids entregadas al instante<\/em><\/p>\n<\/div><\/div>\n<\/div>\n<\/div>\n\n\n\n<h1 class=\"wp-block-heading has-text-align-center\">\u00a1Nos gustas! \u00bfC\u00f3mo solicitar una cotizaci\u00f3n?<\/h1>\n\n\n\n<div class=\"wp-block-buttons is-content-justification-center is-layout-flex wp-container-core-buttons-is-layout-a89b3969 wp-block-buttons-is-layout-flex\">\n<div class=\"wp-block-button\"><a class=\"wp-block-button__link has-text-align-center wp-element-button\" href=\"https:\/\/koalendar.com\/e\/call-per-matrimonio-frontpage-studio\" target=\"_blank\" rel=\"noopener\">Reserva una cita o una llamada haciendo clic aqu\u00ed<\/a><\/div>\n<\/div>\n\n\n\n\n\n<div id=\"wp-block-themeisle-blocks-advanced-columns-88357565\" class=\"wp-block-themeisle-blocks-advanced-columns alignfull has-2-columns has-desktop-equal-layout has-tablet-equal-layout has-mobile-collapsedRows-layout has-vertical-center ticss-c00aadba\"><div class=\"wp-block-themeisle-blocks-advanced-columns-overlay\"><\/div><div class=\"innerblocks-wrap\">\n<div id=\"wp-block-themeisle-blocks-advanced-column-65377dfd\" class=\"wp-block-themeisle-blocks-advanced-column\"><div class=\"wp-block-image is-style-rounded\">\n<figure class=\"aligncenter size-full is-resized\"><img loading=\"lazy\" decoding=\"async\" width=\"2560\" height=\"1707\" src=\"https:\/\/federqua.it\/wp-content\/uploads\/2024\/11\/Matrimonio-DV-1048-scaled.jpg\" alt=\"\" class=\"wp-image-4439\" style=\"aspect-ratio:1;object-fit:cover;width:270px\" srcset=\"https:\/\/federqua.it\/wp-content\/uploads\/2024\/11\/Matrimonio-DV-1048-scaled.jpg 2560w, https:\/\/federqua.it\/wp-content\/uploads\/2024\/11\/Matrimonio-DV-1048-300x200.jpg 300w, https:\/\/federqua.it\/wp-content\/uploads\/2024\/11\/Matrimonio-DV-1048-1024x683.jpg 1024w, https:\/\/federqua.it\/wp-content\/uploads\/2024\/11\/Matrimonio-DV-1048-768x512.jpg 768w, https:\/\/federqua.it\/wp-content\/uploads\/2024\/11\/Matrimonio-DV-1048-1536x1024.jpg 1536w, https:\/\/federqua.it\/wp-content\/uploads\/2024\/11\/Matrimonio-DV-1048-2048x1365.jpg 2048w, https:\/\/federqua.it\/wp-content\/uploads\/2024\/11\/Matrimonio-DV-1048-360x240.jpg 360w\" sizes=\"auto, (max-width: 2560px) 100vw, 2560px\" \/><\/figure>\n<\/div><\/div>\n\n\n\n<div id=\"wp-block-themeisle-blocks-advanced-column-ccb43057\" class=\"wp-block-themeisle-blocks-advanced-column\">\n<p id=\"wp-block-themeisle-blocks-advanced-heading-fa0dd853\" class=\"wp-block-themeisle-blocks-advanced-heading wp-block-themeisle-blocks-advanced-heading-fa0dd853\">\u201cFederico y su equipo fueron fant\u00e1sticos en todas las fases de la boda: en las semanas previas, con el asesoramiento y la organizaci\u00f3n, y durante la boda, con gran amabilidad y simpat\u00eda, adem\u00e1s de una gran profesionalidad.\u201d<\/p>\n\n\n\n<p id=\"wp-block-themeisle-blocks-advanced-heading-37339a78\" class=\"wp-block-themeisle-blocks-advanced-heading wp-block-themeisle-blocks-advanced-heading-37339a78\"><strong>Daniele, el novio<\/strong><\/p>\n<\/div>\n<\/div><\/div>\n\n\n\n<h2 class=\"wp-block-heading has-text-align-center\">A menudo se les pide\u2026<\/h2>\n\n\n\n<div id=\"wp-block-themeisle-blocks-advanced-columns-dfd643f3\" class=\"wp-block-themeisle-blocks-advanced-columns alignfull has-3-columns has-desktop-equal-layout has-tablet-equal-layout has-mobile-collapsedRows-layout has-vertical-center ticss-c00aadba animated fadeIn delay-500ms\"><div class=\"wp-block-themeisle-blocks-advanced-columns-overlay\"><\/div><div class=\"innerblocks-wrap\">\n<div id=\"wp-block-themeisle-blocks-advanced-column-127ec10e\" class=\"wp-block-themeisle-blocks-advanced-column\">\n<div class=\"wp-block-cover is-light\"><img loading=\"lazy\" decoding=\"async\" width=\"1707\" height=\"2560\" class=\"wp-block-cover__image-background wp-image-1082\" alt=\"\" src=\"https:\/\/federqua.it\/wp-content\/uploads\/2021\/06\/DSCF2662-1-scaled.jpg\" data-object-fit=\"cover\" srcset=\"https:\/\/federqua.it\/wp-content\/uploads\/2021\/06\/DSCF2662-1-scaled.jpg 1707w, https:\/\/federqua.it\/wp-content\/uploads\/2021\/06\/DSCF2662-1-200x300.jpg 200w, https:\/\/federqua.it\/wp-content\/uploads\/2021\/06\/DSCF2662-1-683x1024.jpg 683w, https:\/\/federqua.it\/wp-content\/uploads\/2021\/06\/DSCF2662-1-768x1152.jpg 768w, https:\/\/federqua.it\/wp-content\/uploads\/2021\/06\/DSCF2662-1-1024x1536.jpg 1024w, https:\/\/federqua.it\/wp-content\/uploads\/2021\/06\/DSCF2662-1-1365x2048.jpg 1365w\" sizes=\"auto, (max-width: 1707px) 100vw, 1707px\" \/><span aria-hidden=\"true\" class=\"wp-block-cover__background has-background-dim\" style=\"background-color:#888687\"><\/span><div class=\"wp-block-cover__inner-container is-layout-flow wp-block-cover-is-layout-flow\">\n<h2 class=\"wp-block-heading has-text-align-center has-white-color has-text-color\" id=\"people\"><a href=\"https:\/\/federqua.it\/es\/2025\/08\/16\/album-di-matrimonio-tipologie-incluse-e-personalizzazioni-disponibili\/\" data-type=\"link\" data-id=\"https:\/\/federqua.it\/2025\/08\/16\/album-di-matrimonio-tipologie-incluse-e-personalizzazioni-disponibili\/\">\u00c1lbum<\/a><\/h2>\n<\/div><\/div>\n<\/div>\n\n\n\n<div id=\"wp-block-themeisle-blocks-advanced-column-eefb8312\" class=\"wp-block-themeisle-blocks-advanced-column\">\n<div class=\"wp-block-cover\"><img loading=\"lazy\" decoding=\"async\" width=\"1707\" height=\"2560\" class=\"wp-block-cover__image-background wp-image-4306\" alt=\"\" src=\"https:\/\/federqua.it\/wp-content\/uploads\/2024\/10\/Matrimonio-CM-0311-scaled.jpg\" data-object-fit=\"cover\" srcset=\"https:\/\/federqua.it\/wp-content\/uploads\/2024\/10\/Matrimonio-CM-0311-scaled.jpg 1707w, https:\/\/federqua.it\/wp-content\/uploads\/2024\/10\/Matrimonio-CM-0311-200x300.jpg 200w, https:\/\/federqua.it\/wp-content\/uploads\/2024\/10\/Matrimonio-CM-0311-683x1024.jpg 683w, https:\/\/federqua.it\/wp-content\/uploads\/2024\/10\/Matrimonio-CM-0311-768x1152.jpg 768w, https:\/\/federqua.it\/wp-content\/uploads\/2024\/10\/Matrimonio-CM-0311-1024x1536.jpg 1024w, https:\/\/federqua.it\/wp-content\/uploads\/2024\/10\/Matrimonio-CM-0311-1365x2048.jpg 1365w\" sizes=\"auto, (max-width: 1707px) 100vw, 1707px\" \/><span aria-hidden=\"true\" class=\"wp-block-cover__background has-background-dim\" style=\"background-color:#7f7d7f\"><\/span><div class=\"wp-block-cover__inner-container is-layout-flow wp-block-cover-is-layout-flow\">\n<h2 class=\"wp-block-heading has-text-align-center has-white-color has-text-color\" id=\"buildings\"><a href=\"https:\/\/federqua.it\/film.html\" data-type=\"link\" data-id=\"https:\/\/federqua.it\/film.html\">Creador de videos<\/a><br><a href=\"https:\/\/federqua.it\/film.html\">(haga clic aqu\u00ed para ver el portafolio)<\/a><\/h2>\n<\/div><\/div>\n<\/div>\n\n\n\n<div id=\"wp-block-themeisle-blocks-advanced-column-9136d16a\" class=\"wp-block-themeisle-blocks-advanced-column\">\n<div class=\"wp-block-cover is-light\"><img loading=\"lazy\" decoding=\"async\" width=\"724\" height=\"1086\" class=\"wp-block-cover__image-background wp-image-4287\" alt=\"\" src=\"https:\/\/federqua.it\/wp-content\/uploads\/2024\/09\/730C62B0-BE79-4633-9B0B-A2928F334A78_1_105_c.jpeg\" data-object-fit=\"cover\" srcset=\"https:\/\/federqua.it\/wp-content\/uploads\/2024\/09\/730C62B0-BE79-4633-9B0B-A2928F334A78_1_105_c.jpeg 724w, https:\/\/federqua.it\/wp-content\/uploads\/2024\/09\/730C62B0-BE79-4633-9B0B-A2928F334A78_1_105_c-200x300.jpeg 200w, https:\/\/federqua.it\/wp-content\/uploads\/2024\/09\/730C62B0-BE79-4633-9B0B-A2928F334A78_1_105_c-683x1024.jpeg 683w\" sizes=\"auto, (max-width: 724px) 100vw, 724px\" \/><span aria-hidden=\"true\" class=\"wp-block-cover__background has-background-dim\" style=\"background-color:#9e9182\"><\/span><div class=\"wp-block-cover__inner-container is-layout-flow wp-block-cover-is-layout-flow\">\n<h2 class=\"wp-block-heading has-text-align-center has-white-color has-text-color\" id=\"nature\">Conjunto fotogr\u00e1fico<\/h2>\n<\/div><\/div>\n<\/div>\n<\/div><\/div>\n\n\n\n<p class=\"has-text-align-center has-text-color\" style=\"color:#fefefe\">No puedo esperar para conocerte. Programemos una llamada y cu\u00e9ntame cada detalle de tu d\u00eda especial. Le elaborar\u00e9 una cotizaci\u00f3n precisa.<\/p>\n\n\n<div id=\"rank-math-faq\" class=\"rank-math-block\">\n<div class=\"rank-math-list\">\n<div id=\"faq-question-1743627247321\" class=\"rank-math-list-item\">\n<h3 class=\"rank-math-question\">\u00bfCu\u00e1nto dura la sesi\u00f3n de fotos?<\/h3>\n<div class=\"rank-math-answer\">\n\n<p>Un servicio de boda est\u00e1ndar dura alrededor de 10 horas, tiempo m\u00e1s que suficiente para cubrir todos los aspectos del d\u00eda. Obviamente hay una tolerancia temporal mayor: \u00a1no voy a huir!<\/p>\n\n<\/div>\n<\/div>\n<div id=\"faq-question-1743627335435\" class=\"rank-math-list-item\">\n<h3 class=\"rank-math-question\">\u00bfCu\u00e1ntas fotos entregas?<\/h3>\n<div class=\"rank-math-answer\">\n\n<p>\u00bfCu\u00e1ntas fotos nacer\u00e1n durante el evento? Cada boda es diferente y mi trabajo es estar siempre alerta para aprovechar cada buena oportunidad o cada detalle. Tendr\u00e1s no menos de 500 fotos, en promedio un fot\u00f3grafo profesional toma entre 50 y 70 fotos por hora. <\/p>\n\n<\/div>\n<\/div>\n<div id=\"faq-question-1743627437628\" class=\"rank-math-list-item\">\n<h3 class=\"rank-math-question\">\u00bfC\u00f3mo se entregan las fotograf\u00edas?<\/h3>\n<div class=\"rank-math-answer\">\n\n<p>A trav\u00e9s de una galer\u00eda digital privada, un enlace a un archivo para descargar las fotograf\u00edas o, si se solicita, un bol\u00edgrafo personalizado. <\/p>\n\n<\/div>\n<\/div>\n<div id=\"faq-question-1743627698475\" class=\"rank-math-list-item\">\n<h3 class=\"rank-math-question\">\u00bfNos llevar\u00e1s lejos para crear la sesi\u00f3n de fotos?<\/h3>\n<div class=\"rank-math-answer\">\n\n<p>Absolutamente no, a menos que me preguntes. Planificamos la ceremonia con cada detalle y, entre otras cosas, tambi\u00e9n calculamos el tiempo de viaje entre la iglesia y el lugar, \u00a1para no arruinar ni un momento (y para no dejar a los pobres invitados bajo el sol durante horas!).<\/p>\n\n<\/div>\n<\/div>\n<div id=\"faq-question-1743627767700\" class=\"rank-math-list-item\">\n<h3 class=\"rank-math-question\">\u00bfLos v\u00eddeos los haces t\u00fa mismo?<\/h3>\n<div class=\"rank-math-answer\">\n\n<p>Contamos con estudios afiliados de realizaci\u00f3n de videos profesionales, con m\u00e1s de veinte a\u00f1os de experiencia. Estaremos encantados de agregarlos a nuestro servicio. <\/p>\n\n<\/div>\n<\/div>\n<div id=\"faq-question-1743627811591\" class=\"rank-math-list-item\">\n<h3 class=\"rank-math-question\">\u00bfPuedes garantizar tu presencia en la boda?<\/h3>\n<div class=\"rank-math-answer\">\n\n<p>S\u00ed, tomo muy pocas fechas al a\u00f1o s\u00f3lo para favorecer la calidad. Me tendr\u00e1s como referencia desde el primero hasta el \u00faltimo momento de nuestra relaci\u00f3n. <\/p>\n\n<\/div>\n<\/div>\n<\/div>\n<\/div>","protected":false},"excerpt":{"rendered":"<p>Ogni matrimonio \u00e8 differente e, in un servizio professionale, non esistono &#8220;men\u00f9&#8221; come al ristorante: un servizio pu\u00f2 variare a causa di prestazioni extra o viaggi lunghi, oppure un budget pu\u00f2 essere ridotto qualora le circostanze richiedano tempi ridotti di lavoro, come nei casi di eventi svolti nello stesso luogo [&hellip;]<\/p>\n","protected":false},"author":3,"featured_media":4354,"parent":0,"menu_order":0,"comment_status":"closed","ping_status":"closed","template":"","meta":{"_eb_attr":"","_themeisle_gutenberg_block_has_review":false,"footnotes":""},"class_list":["post-4506","page","type-page","status-publish","has-post-thumbnail","hentry"],"_links":{"self":[{"href":"https:\/\/federqua.it\/es\/wp-json\/wp\/v2\/pages\/4506","targetHints":{"allow":["GET"]}}],"collection":[{"href":"https:\/\/federqua.it\/es\/wp-json\/wp\/v2\/pages"}],"about":[{"href":"https:\/\/federqua.it\/es\/wp-json\/wp\/v2\/types\/page"}],"author":[{"embeddable":true,"href":"https:\/\/federqua.it\/es\/wp-json\/wp\/v2\/users\/3"}],"replies":[{"embeddable":true,"href":"https:\/\/federqua.it\/es\/wp-json\/wp\/v2\/comments?post=4506"}],"version-history":[{"count":13,"href":"https:\/\/federqua.it\/es\/wp-json\/wp\/v2\/pages\/4506\/revisions"}],"predecessor-version":[{"id":5058,"href":"https:\/\/federqua.it\/es\/wp-json\/wp\/v2\/pages\/4506\/revisions\/5058"}],"wp:featuredmedia":[{"embeddable":true,"href":"https:\/\/federqua.it\/es\/wp-json\/wp\/v2\/media\/4354"}],"wp:attachment":[{"href":"https:\/\/federqua.it\/es\/wp-json\/wp\/v2\/media?parent=4506"}],"curies":[{"name":"wp","href":"https:\/\/api.w.org\/{rel}","templated":true}]}}