{"id":4505,"date":"2025-04-02T19:24:10","date_gmt":"2025-04-02T17:24:10","guid":{"rendered":"https:\/\/federqua.it\/?page_id=4505"},"modified":"2025-04-02T23:54:33","modified_gmt":"2025-04-02T21:54:33","slug":"siamo-la-scelta-perfetta-per-te-scopriamolo-in-1-minuto","status":"publish","type":"page","link":"https:\/\/federqua.it\/es\/siamo-la-scelta-perfetta-per-te-scopriamolo-in-1-minuto\/","title":{"rendered":"\u00bfSomos la elecci\u00f3n perfecta para usted?"},"content":{"rendered":"<p>Elegir un fot\u00f3grafo de bodas no es f\u00e1cil. Por un lado, existen comparadores de proveedores, donde solo se puede hacer una comparaci\u00f3n superficial y comercial; por otro, existen innumerables inc\u00f3gnitas a la hora de elegir.<\/p>\n\n\n\n<p>El fot\u00f3grafo, incluso antes que el sacerdote, es uno de los \u201cs\u00ed\u201d m\u00e1s importantes que los esposos tendr\u00e1n que dar el d\u00eda de su boda: lo que hagamos juntos ser\u00e1 la base de recuerdos para toda la vida, y ciertamente no se puede dejar esa responsabilidad a cualquiera. <\/p>\n\n\n\n<p><strong>S\u00f3lo se necesitan tres preguntas para saber si somos compatibles.<\/strong><\/p>\n\n\n\n<div data-tf-live=\"01JQVD9A97DYCBEHJ667D5X4HV\"><\/div><script src=\"\/\/embed.typeform.com\/next\/embed.js\"><\/script>","protected":false},"excerpt":{"rendered":"<p>Scegliere un fotografo di matrimonio non \u00e8 facile. Da un lato ci sono i siti web comparatori di fornitori, dove si pu\u00f2 svolgere solo un confronto commerciale e superficiale, dall&#8217;altro ci sono le mille incognite nello scegliere. Il fotografo, ancor prima del prete, \u00e8 uno dei pi\u00f9 importanti s\u00ec che [&hellip;]<\/p>\n","protected":false},"author":3,"featured_media":4405,"parent":0,"menu_order":0,"comment_status":"closed","ping_status":"closed","template":"","meta":{"_eb_attr":"","_themeisle_gutenberg_block_has_review":false,"footnotes":""},"class_list":["post-4505","page","type-page","status-publish","has-post-thumbnail","hentry"],"_links":{"self":[{"href":"https:\/\/federqua.it\/es\/wp-json\/wp\/v2\/pages\/4505","targetHints":{"allow":["GET"]}}],"collection":[{"href":"https:\/\/federqua.it\/es\/wp-json\/wp\/v2\/pages"}],"about":[{"href":"https:\/\/federqua.it\/es\/wp-json\/wp\/v2\/types\/page"}],"author":[{"embeddable":true,"href":"https:\/\/federqua.it\/es\/wp-json\/wp\/v2\/users\/3"}],"replies":[{"embeddable":true,"href":"https:\/\/federqua.it\/es\/wp-json\/wp\/v2\/comments?post=4505"}],"version-history":[{"count":5,"href":"https:\/\/federqua.it\/es\/wp-json\/wp\/v2\/pages\/4505\/revisions"}],"predecessor-version":[{"id":4538,"href":"https:\/\/federqua.it\/es\/wp-json\/wp\/v2\/pages\/4505\/revisions\/4538"}],"wp:featuredmedia":[{"embeddable":true,"href":"https:\/\/federqua.it\/es\/wp-json\/wp\/v2\/media\/4405"}],"wp:attachment":[{"href":"https:\/\/federqua.it\/es\/wp-json\/wp\/v2\/media?parent=4505"}],"curies":[{"name":"wp","href":"https:\/\/api.w.org\/{rel}","templated":true}]}}