{"id":2965,"date":"2023-10-21T14:50:13","date_gmt":"2023-10-21T12:50:13","guid":{"rendered":"https:\/\/federqua.it\/?page_id=2965"},"modified":"2024-11-13T11:54:12","modified_gmt":"2024-11-13T10:54:12","slug":"fotografo-per-feste-di-18-anni-a-napoli-e-avellino","status":"publish","type":"page","link":"https:\/\/federqua.it\/es\/fotografo-per-feste-di-18-anni-a-napoli-e-avellino\/","title":{"rendered":"Fot\u00f3grafo para fiestas de 18 a\u00f1os en N\u00e1poles y Avellino"},"content":{"rendered":"<div id=\"wp-block-themeisle-blocks-advanced-columns-2c60bc77\" class=\"wp-block-themeisle-blocks-advanced-columns alignfull has-1-columns has-desktop-equal-layout has-tablet-equal-layout has-mobile-collapsedRows-layout has-reverse-columns-mobile has-vertical-center ticss-c00aadba\"><div class=\"wp-block-themeisle-blocks-advanced-columns-overlay\"><\/div><div class=\"innerblocks-wrap\">\n<div id=\"wp-block-themeisle-blocks-advanced-column-75b9263d\" class=\"wp-block-themeisle-blocks-advanced-column\">\n<div style=\"height:100px\" aria-hidden=\"true\" class=\"wp-block-spacer\"><\/div>\n\n\n\n<h1 id=\"wp-block-themeisle-blocks-advanced-heading-5d5675df\" class=\"wp-block-themeisle-blocks-advanced-heading wp-block-themeisle-blocks-advanced-heading-5d5675df\">Tu fiesta es demasiado hermosa<\/h1>\n\n\n\n<p id=\"wp-block-themeisle-blocks-advanced-heading-40ecd43d\" class=\"wp-block-themeisle-blocks-advanced-heading wp-block-themeisle-blocks-advanced-heading-40ecd43d\">Recu\u00e9rdalo con el fot\u00f3grafo adecuado. <\/p>\n\n\n\n<div style=\"height:100px\" aria-hidden=\"true\" class=\"wp-block-spacer\"><\/div>\n<\/div>\n<\/div><\/div>\n\n\n\n<div class=\"wp-block-group animated fadeIn has-ti-fg-alt-color has-ti-bg-inv-background-color has-text-color has-background\" style=\"margin-top:0px;margin-bottom:0px;padding-top:64px;padding-bottom:64px\"><div class=\"wp-block-group__inner-container is-layout-constrained wp-container-core-group-is-layout-5edc43e1 wp-block-group-is-layout-constrained\">\n<div class=\"wp-block-group\"><div class=\"wp-block-group__inner-container is-layout-constrained wp-block-group-is-layout-constrained\">\n<div class=\"wp-block-columns is-layout-flex wp-container-core-columns-is-layout-28f84493 wp-block-columns-is-layout-flex\">\n<div class=\"wp-block-column is-layout-flow wp-block-column-is-layout-flow\" style=\"flex-basis:15%\"><\/div>\n\n\n\n<div class=\"wp-block-column is-layout-flow wp-block-column-is-layout-flow\" style=\"flex-basis:70%\">\n<h2 class=\"wp-block-heading has-text-align-center\">\u00a1Mereces recuerdos incre\u00edbles!<\/h2>\n\n\n\n<p class=\"has-text-align-center has-medium-font-size\">Piensa en divertirte y disfrutar en cada momento: s\u00f3lo un verdadero fot\u00f3grafo profesional no se pierde cada momento de la velada. <\/p>\n<\/div>\n\n\n\n<div class=\"wp-block-column is-layout-flow wp-block-column-is-layout-flow\" style=\"flex-basis:15%\"><\/div>\n<\/div>\n\n\n\n<div class=\"wp-block-media-text alignwide is-stacked-on-mobile\"><figure class=\"wp-block-media-text__media\"><img loading=\"lazy\" decoding=\"async\" width=\"1024\" height=\"682\" src=\"http:\/\/federqua.it\/wp-content\/uploads\/2023\/10\/photo_2023-10-12_20-35-30-1024x682.jpg\" alt=\"\" class=\"wp-image-2771 size-full\" srcset=\"https:\/\/federqua.it\/wp-content\/uploads\/2023\/10\/photo_2023-10-12_20-35-30-1024x682.jpg 1024w, https:\/\/federqua.it\/wp-content\/uploads\/2023\/10\/photo_2023-10-12_20-35-30-300x200.jpg 300w, https:\/\/federqua.it\/wp-content\/uploads\/2023\/10\/photo_2023-10-12_20-35-30-768x512.jpg 768w, https:\/\/federqua.it\/wp-content\/uploads\/2023\/10\/photo_2023-10-12_20-35-30.jpg 1280w\" sizes=\"auto, (max-width: 1024px) 100vw, 1024px\" \/><\/figure><div class=\"wp-block-media-text__content\">\n<h2 class=\"wp-block-heading\">Las fotos que quer\u00edas.<\/h2>\n\n\n\n<p><strong><em>Soy exclusivamente tuya.&nbsp;<\/em><\/strong><em>Sigo tu fiesta con discreci\u00f3n y sencillez. Estar\u00e9 all\u00ed sin molestarte y sin obligarte a poses forzadas. De hecho, siempre os muestro las fotos que he hecho: las repetimos hasta que os gusten.<\/em><\/p>\n<\/div><\/div>\n\n\n\n<div class=\"wp-block-media-text alignwide has-media-on-the-right is-stacked-on-mobile\"><div class=\"wp-block-media-text__content\">\n<h2 class=\"wp-block-heading\">\u00bfFiesta especial? \u00a1Polaroids!<\/h2>\n\n\n\n<p><em>Tengo diez a\u00f1os de experiencia en el mundo de las fiestas: las polaroids son siempre las m\u00e1s solicitadas y me encanta imprimirlas para ti y tus amigos.&nbsp;<\/em><strong><em>\u00a1Elige el paquete Polaroid!&nbsp;<br>Siempre tengo una oferta para ti.<\/em><\/strong><\/p>\n<\/div><figure class=\"wp-block-media-text__media\"><img loading=\"lazy\" decoding=\"async\" width=\"1024\" height=\"683\" src=\"http:\/\/federqua.it\/wp-content\/uploads\/2023\/02\/Sara-82-1024x683.jpg\" alt=\"\" class=\"wp-image-2274 size-full\" srcset=\"https:\/\/federqua.it\/wp-content\/uploads\/2023\/02\/Sara-82-1024x683.jpg 1024w, https:\/\/federqua.it\/wp-content\/uploads\/2023\/02\/Sara-82-300x200.jpg 300w, https:\/\/federqua.it\/wp-content\/uploads\/2023\/02\/Sara-82-768x512.jpg 768w, https:\/\/federqua.it\/wp-content\/uploads\/2023\/02\/Sara-82-1536x1024.jpg 1536w, https:\/\/federqua.it\/wp-content\/uploads\/2023\/02\/Sara-82-2048x1365.jpg 2048w, https:\/\/federqua.it\/wp-content\/uploads\/2023\/02\/Sara-82-1200x800.jpg 1200w\" sizes=\"auto, (max-width: 1024px) 100vw, 1024px\" \/><\/figure><\/div>\n<\/div><\/div>\n<\/div><\/div>\n\n\n\n<div class=\"wp-block-cover alignfull animated fadeIn\" style=\"margin-top:0;margin-bottom:0;padding-top:24px;padding-right:24px;padding-bottom:24px;padding-left:24px;min-height:50vh;aspect-ratio:unset;\"><span aria-hidden=\"true\" class=\"wp-block-cover__background has-black-background-color has-background-dim\"><\/span><img loading=\"lazy\" decoding=\"async\" width=\"1600\" height=\"1067\" class=\"wp-block-cover__image-background wp-image-1865\" alt=\"\" src=\"http:\/\/federqua.it\/wp-content\/uploads\/2022\/05\/Viola-298-1.jpg\" data-object-fit=\"cover\" srcset=\"https:\/\/federqua.it\/wp-content\/uploads\/2022\/05\/Viola-298-1.jpg 1600w, https:\/\/federqua.it\/wp-content\/uploads\/2022\/05\/Viola-298-1-300x200.jpg 300w, https:\/\/federqua.it\/wp-content\/uploads\/2022\/05\/Viola-298-1-1024x683.jpg 1024w, https:\/\/federqua.it\/wp-content\/uploads\/2022\/05\/Viola-298-1-768x512.jpg 768w, https:\/\/federqua.it\/wp-content\/uploads\/2022\/05\/Viola-298-1-1536x1024.jpg 1536w, https:\/\/federqua.it\/wp-content\/uploads\/2022\/05\/Viola-298-1-1200x800.jpg 1200w\" sizes=\"auto, (max-width: 1600px) 100vw, 1600px\" \/><div class=\"wp-block-cover__inner-container is-layout-flow wp-block-cover-is-layout-flow\">\n<div class=\"wp-block-columns is-layout-flex wp-container-core-columns-is-layout-28f84493 wp-block-columns-is-layout-flex\">\n<div class=\"wp-block-column is-layout-flow wp-block-column-is-layout-flow\" style=\"flex-basis:20%\"><\/div>\n\n\n\n<div class=\"wp-block-column is-layout-flow wp-block-column-is-layout-flow\" style=\"flex-basis:60%\">\n<h2 class=\"wp-block-heading alignwide has-text-align-center has-white-color has-text-color has-x-large-font-size\">\u00a1Solo piensa en divertirte! <\/h2>\n\n\n\n<div class=\"wp-block-buttons is-content-justification-center is-layout-flex wp-container-core-buttons-is-layout-a89b3969 wp-block-buttons-is-layout-flex\">\n<div class=\"wp-block-button\"><a class=\"wp-block-button__link has-white-color has-accent-background-color has-text-color has-background wp-element-button\" href=\"https:\/\/federqua.it\/es\/come-ti-racconto-un-diciottesimo\/\">Descubre c\u00f3mo cuento un decimoctavo<\/a><\/div>\n<\/div>\n<\/div>\n\n\n\n<div class=\"wp-block-column is-layout-flow wp-block-column-is-layout-flow\" style=\"flex-basis:20%\"><\/div>\n<\/div>\n<\/div><\/div>\n\n\n\n<h2 class=\"wp-block-heading has-text-align-center\">Elige el paquete adaptado a tu fiesta<\/h2>\n\n\n\n<div class=\"wp-block-columns alignwide is-layout-flex wp-container-core-columns-is-layout-d2da2050 wp-block-columns-is-layout-flex\" style=\"margin-bottom:0\">\n<div class=\"wp-block-column has-text-color has-background has-link-color wp-elements-60a4818940a46476a7526d1470ad0bb6 is-layout-flow wp-block-column-is-layout-flow\" style=\"color:#000000;background-color:#ffe97d;padding-top:2em;padding-right:2em;padding-bottom:2em;padding-left:2em\">\n<h2 class=\"wp-block-heading has-text-align-center\" id=\"single\" style=\"font-size:40px\"><strong>Base<\/strong><\/h2>\n\n\n\n<p class=\"has-text-align-center has-normal-font-size\" style=\"line-height:1.5\"><strong>La historia digital de la fiesta<\/strong><\/p>\n\n\n\n<hr class=\"wp-block-separator has-text-color has-css-opacity has-background is-style-wide\" style=\"background-color:#000000;color:#000000\"\/>\n\n\n\n<ul class=\"wp-block-list has-normal-font-size\">\n<li>Un fot\u00f3grafo para toda la velada.<\/li>\n\n\n\n<li>Entrega r\u00e1pida<\/li>\n\n\n\n<li>Selecci\u00f3n y desarrollo de tomas<\/li>\n<\/ul>\n\n\n\n<div class=\"wp-block-buttons alignfull is-horizontal is-content-justification-center is-layout-flex wp-container-core-buttons-is-layout-03627597 wp-block-buttons-is-layout-flex\"><\/div>\n<\/div>\n\n\n\n<div class=\"wp-block-column has-text-color has-background has-link-color wp-elements-703a8235f24a59f84ee27d0ff1547645 is-layout-flow wp-block-column-is-layout-flow\" style=\"color:#000000;background-color:#d1d1e1;padding-top:2em;padding-right:2em;padding-bottom:2em;padding-left:2em\">\n<h2 class=\"wp-block-heading has-text-align-center\" id=\"family\" style=\"font-size:40px\"><strong>polaroid<\/strong><\/h2>\n\n\n\n<p class=\"has-text-align-center has-normal-font-size\" style=\"line-height:1.5\"><strong>Todos los quieren: \u00a1regala un recuerdo!<\/strong><\/p>\n\n\n\n<hr class=\"wp-block-separator has-css-opacity is-style-wide\"\/>\n\n\n\n<ul class=\"wp-block-list has-normal-font-size\">\n<li>Paquete digital<\/li>\n\n\n\n<li>Entrega r\u00e1pida<\/li>\n\n\n\n<li>Desarrollo y fotograf\u00edas seleccionadas<\/li>\n\n\n\n<li>Impresi\u00f3n de Polaroids y entrega a los invitados al final de la velada.<\/li>\n<\/ul>\n<\/div>\n\n\n\n<div class=\"wp-block-column has-text-color has-background has-link-color wp-elements-708cfdd150ac15727d4119138de1dafd is-layout-flow wp-block-column-is-layout-flow\" style=\"color:#000000;background-color:#c0ebf1;padding-top:2em;padding-right:2em;padding-bottom:2em;padding-left:2em\">\n<h2 class=\"wp-block-heading has-text-align-center\" id=\"patron\" style=\"font-size:40px\"><strong>Completo<\/strong><\/h2>\n\n\n\n<p class=\"has-text-align-center has-normal-font-size\"><strong>Para no perderse nada.<\/strong><\/p>\n\n\n\n<hr class=\"wp-block-separator has-css-opacity is-style-wide\"\/>\n\n\n\n<ul class=\"wp-block-list has-normal-font-size\">\n<li>Paquete digital<\/li>\n\n\n\n<li>Entrega digital prioritaria a archivo dedicado<\/li>\n\n\n\n<li>Paquete Polaroid o impresiones 10\u00d715 sin cambios de precio<\/li>\n\n\n\n<li>\u00c1lbum de fiesta <\/li>\n<\/ul>\n<\/div>\n<\/div>\n\n\n\n<div id=\"wp-block-themeisle-blocks-advanced-columns-35825447\" class=\"wp-block-themeisle-blocks-advanced-columns alignfull has-2-columns has-desktop-equal-layout has-tablet-equal-layout has-mobile-collapsedRows-layout has-vertical-center ticss-c00aadba\"><div class=\"wp-block-themeisle-blocks-advanced-columns-overlay\"><\/div><div class=\"innerblocks-wrap\">\n<div id=\"wp-block-themeisle-blocks-advanced-column-fedc9d47\" class=\"wp-block-themeisle-blocks-advanced-column\">\n<figure class=\"wp-block-image size-large\"><img loading=\"lazy\" decoding=\"async\" width=\"682\" height=\"1024\" src=\"https:\/\/federqua.it\/wp-content\/uploads\/2024\/09\/WhatsApp-Image-2024-06-29-at-12.44.21-2-682x1024.jpeg\" alt=\"\" class=\"wp-image-4289\" style=\"aspect-ratio:1;object-fit:cover\" srcset=\"https:\/\/federqua.it\/wp-content\/uploads\/2024\/09\/WhatsApp-Image-2024-06-29-at-12.44.21-2-682x1024.jpeg 682w, https:\/\/federqua.it\/wp-content\/uploads\/2024\/09\/WhatsApp-Image-2024-06-29-at-12.44.21-2-200x300.jpeg 200w, https:\/\/federqua.it\/wp-content\/uploads\/2024\/09\/WhatsApp-Image-2024-06-29-at-12.44.21-2-768x1153.jpeg 768w, https:\/\/federqua.it\/wp-content\/uploads\/2024\/09\/WhatsApp-Image-2024-06-29-at-12.44.21-2-1023x1536.jpeg 1023w, https:\/\/federqua.it\/wp-content\/uploads\/2024\/09\/WhatsApp-Image-2024-06-29-at-12.44.21-2.jpeg 1066w\" sizes=\"auto, (max-width: 682px) 100vw, 682px\" \/><\/figure>\n<\/div>\n\n\n\n<div id=\"wp-block-themeisle-blocks-advanced-column-ed1b12ac\" class=\"wp-block-themeisle-blocks-advanced-column\">\n<h2 id=\"wp-block-themeisle-blocks-advanced-heading-8f3ca166\" class=\"wp-block-themeisle-blocks-advanced-heading wp-block-themeisle-blocks-advanced-heading-8f3ca166\">\u00a1Es un placer tenerte aqu\u00ed!<\/h2>\n\n\n\n<p>Soy Federico Quagliuolo, nac\u00ed en 1992, fot\u00f3grafo profesional desde 2011. Tengo m\u00e1s de 1000 fiestas, celebraciones y eventos en N\u00e1poles y en toda Campania. Tengo dos estudios, uno en N\u00e1poles y otro en Avellino.<\/p>\n\n\n\n<p>Estoy dispuesta a contar tu evento de una manera espont\u00e1nea, alegre y atractiva. \u00a1No te pierdas ni un segundo de tu d\u00eda especial: conf\u00eda en mi equipo!<\/p>\n<\/div>\n<\/div><\/div>\n\n\n\n<div id=\"wp-block-themeisle-blocks-advanced-columns-40db0924\" class=\"wp-block-themeisle-blocks-advanced-columns alignfull has-2-columns has-desktop-equal-layout has-tablet-equal-layout has-mobile-collapsedRows-layout has-vertical-top ticss-c00aadba\"><div class=\"wp-block-themeisle-blocks-advanced-columns-overlay\"><\/div><div class=\"innerblocks-wrap\">\n<div id=\"wp-block-themeisle-blocks-advanced-column-006aede9\" class=\"wp-block-themeisle-blocks-advanced-column\">\n<div id=\"wp-block-themeisle-blocks-font-awesome-icons-2b7e7997\" class=\"wp-block-themeisle-blocks-font-awesome-icons\"><span class=\"wp-block-themeisle-blocks-font-awesome-icons-container\"><svg xmlns=\"http:\/\/www.w3.org\/2000\/svg\" viewbox=\"0 0 1800 1800\"><path d=\"M531.087,344.727c0.247,0,0.492,0.033,0.739,0.033h453.558c16.819,0,30.444-13.625,30.444-30.436 c0-16.815-13.625-30.435-30.444-30.435H638.226H531.826c-16.811,0-30.44,13.62-30.44,30.435 C501.386,330.885,514.624,344.331,531.087,344.727z\"><\/path><path d=\"M531.826,497.389h749.422c16.814,0,30.443-13.629,30.443-30.439c0-16.814-13.629-30.439-30.443-30.439 H531.826c-16.811,0-30.44,13.625-30.44,30.439C501.386,483.76,515.016,497.389,531.826,497.389z\"><\/path><path d=\"M531.826,650.009h749.422c16.814,0,30.443-13.633,30.443-30.444c0-8.872-3.822-16.827-9.877-22.389 c-5.424-4.982-12.625-8.046-20.566-8.046H531.826c-7.938,0-15.143,3.064-20.567,8.046c-6.054,5.562-9.873,13.517-9.873,22.389 C501.386,636.376,515.016,650.009,531.826,650.009z\"><\/path><path d=\"M1311.691,772.194c0-16.806-13.629-30.436-30.443-30.436H531.826c-16.811,0-30.44,13.629-30.44,30.436 c0,16.815,13.629,30.444,30.44,30.444h749.422C1298.063,802.638,1311.691,789.009,1311.691,772.194z\"><\/path><path d=\"M1772.088,533.511c-2.481-3.422-5.691-6.4-9.603-8.622l-246.454-139.961v-82.389v-9.853 c-1.264-7.738-5.432-14.501-11.406-19.066l-49.465-42.835l-131.073-113.508l-61.889-53.596c-5.286-4.582-11.866-7.021-18.591-7.275 h-2.197H937.55h-66.904H383.746c-47.809,0-86.705,38.895-86.705,86.696V382.15L61.554,515.893 c-31.678,11.565-54.396,41.913-54.396,77.54v1067.543c0,45.554,37.064,82.618,82.622,82.618h1625.598 c45.558,0,82.623-37.064,82.623-82.618V593.433C1798,569.839,1788.002,548.583,1772.088,533.511z M1614.426,510.814l92.579,52.583 l-11.661,8.301l-179.313,127.664V571.698v-60.883v-55.873L1614.426,510.814z M1405.5,267.454h-132.895V152.361L1405.5,267.454z M357.922,571.698v-60.883v-93.226v-70.01V143.102c0-14.239,11.585-25.825,25.824-25.825h379.699H886.73h34.734h123.285h167.617 v180.296c0,16.631,13.483,30.11,30.119,30.11h212.674v22.668v70.015v90.448v60.883V742.7l-397.298,282.87l-50.781,36.148 l-18.591,13.241l-81.088,57.728l-81.093-57.728l-18.611-13.25l-50.782-36.155L357.922,741.483V571.698z M193.76,510.814 l103.281-58.649v58.649v60.883V698.14L119.448,571.698l-14.597-10.395L193.76,510.814z M68.036,1648.984V609.822l229.005,163.047 l60.88,43.344L710.7,1067.38l-8.372,7.58l-67.267,60.871L68.036,1648.984z M121.495,1682.723l604.294-546.892l35.693-32.304 l45.37,32.304l82.897,59.028c5.283,3.76,11.462,5.637,17.653,5.637c6.187,0,12.369-1.877,17.652-5.637l82.889-59.028l45.354-32.286 l35.686,32.286l604.311,546.892H121.495z M1737.119,1640.271l-557.41-504.439l-67.267-60.871l-8.359-7.563l351.077-249.962 l60.871-43.348l221.088-157.407V1640.271z\"><\/path><\/svg><\/span><\/div>\n\n\n\n<h2 id=\"wp-block-themeisle-blocks-advanced-heading-8e35b90f\" class=\"wp-block-themeisle-blocks-advanced-heading wp-block-themeisle-blocks-advanced-heading-8e35b90f\">No puedo esperar para conocerte. <\/h2>\n\n\n\n<div id=\"wp-block-themeisle-blocks-icon-list-dfc1fb3a\" class=\"wp-block-themeisle-blocks-icon-list\">\n<div id=\"wp-block-themeisle-blocks-icon-list-item-648b3a6e\" class=\"wp-block-themeisle-blocks-icon-list-item\"><i class=\"far fa-envelope wp-block-themeisle-blocks-icon-list-item-icon\"><\/i><p class=\"wp-block-themeisle-blocks-icon-list-item-content\">federqua@chestoria.net<\/p><\/div>\n\n\n\n<div id=\"wp-block-themeisle-blocks-icon-list-item-d4eec3f8\" class=\"wp-block-themeisle-blocks-icon-list-item\"><i class=\"fas fa-map-marker-alt wp-block-themeisle-blocks-icon-list-item-icon\"><\/i><p class=\"wp-block-themeisle-blocks-icon-list-item-content\">Conservatorio Callej\u00f3n I 18, Avellino<\/p><\/div>\n\n\n\n<div id=\"wp-block-themeisle-blocks-icon-list-item-00c40d61\" class=\"wp-block-themeisle-blocks-icon-list-item\"><i class=\"fas fa-map-marker-alt wp-block-themeisle-blocks-icon-list-item-icon\"><\/i><p class=\"wp-block-themeisle-blocks-icon-list-item-content\">Via Nicolardi 59, N\u00e1poles<\/p><\/div>\n<\/div>\n\n\n\n<div style=\"height:20px\" aria-hidden=\"true\" class=\"wp-block-spacer\"><\/div>\n\n\n\n<p id=\"wp-block-themeisle-blocks-advanced-heading-9b27b614\" class=\"wp-block-themeisle-blocks-advanced-heading wp-block-themeisle-blocks-advanced-heading-9b27b614\"><strong>Sigueme en instagram<\/strong><\/p>\n\n\n\n<ul class=\"wp-block-social-links has-large-icon-size is-style-logos-only is-layout-flex wp-block-social-links-is-layout-flex\"><li class=\"wp-social-link wp-social-link-instagram  wp-block-social-link\"><a href=\"https:\/\/www.instagram.com\/studio_fq\/\" class=\"wp-block-social-link-anchor\" target=\"_blank\" rel=\"noopener\"><svg width=\"24\" height=\"24\" viewbox=\"0 0 24 24\" version=\"1.1\" xmlns=\"http:\/\/www.w3.org\/2000\/svg\" aria-hidden=\"true\" focusable=\"false\"><path d=\"M12,4.622c2.403,0,2.688,0.009,3.637,0.052c0.877,0.04,1.354,0.187,1.671,0.31c0.42,0.163,0.72,0.358,1.035,0.673 c0.315,0.315,0.51,0.615,0.673,1.035c0.123,0.317,0.27,0.794,0.31,1.671c0.043,0.949,0.052,1.234,0.052,3.637 s-0.009,2.688-0.052,3.637c-0.04,0.877-0.187,1.354-0.31,1.671c-0.163,0.42-0.358,0.72-0.673,1.035 c-0.315,0.315-0.615,0.51-1.035,0.673c-0.317,0.123-0.794,0.27-1.671,0.31c-0.949,0.043-1.233,0.052-3.637,0.052 s-2.688-0.009-3.637-0.052c-0.877-0.04-1.354-0.187-1.671-0.31c-0.42-0.163-0.72-0.358-1.035-0.673 c-0.315-0.315-0.51-0.615-0.673-1.035c-0.123-0.317-0.27-0.794-0.31-1.671C4.631,14.688,4.622,14.403,4.622,12 s0.009-2.688,0.052-3.637c0.04-0.877,0.187-1.354,0.31-1.671c0.163-0.42,0.358-0.72,0.673-1.035 c0.315-0.315,0.615-0.51,1.035-0.673c0.317-0.123,0.794-0.27,1.671-0.31C9.312,4.631,9.597,4.622,12,4.622 M12,3 C9.556,3,9.249,3.01,8.289,3.054C7.331,3.098,6.677,3.25,6.105,3.472C5.513,3.702,5.011,4.01,4.511,4.511 c-0.5,0.5-0.808,1.002-1.038,1.594C3.25,6.677,3.098,7.331,3.054,8.289C3.01,9.249,3,9.556,3,12c0,2.444,0.01,2.751,0.054,3.711 c0.044,0.958,0.196,1.612,0.418,2.185c0.23,0.592,0.538,1.094,1.038,1.594c0.5,0.5,1.002,0.808,1.594,1.038 c0.572,0.222,1.227,0.375,2.185,0.418C9.249,20.99,9.556,21,12,21s2.751-0.01,3.711-0.054c0.958-0.044,1.612-0.196,2.185-0.418 c0.592-0.23,1.094-0.538,1.594-1.038c0.5-0.5,0.808-1.002,1.038-1.594c0.222-0.572,0.375-1.227,0.418-2.185 C20.99,14.751,21,14.444,21,12s-0.01-2.751-0.054-3.711c-0.044-0.958-0.196-1.612-0.418-2.185c-0.23-0.592-0.538-1.094-1.038-1.594 c-0.5-0.5-1.002-0.808-1.594-1.038c-0.572-0.222-1.227-0.375-2.185-0.418C14.751,3.01,14.444,3,12,3L12,3z M12,7.378 c-2.552,0-4.622,2.069-4.622,4.622S9.448,16.622,12,16.622s4.622-2.069,4.622-4.622S14.552,7.378,12,7.378z M12,15 c-1.657,0-3-1.343-3-3s1.343-3,3-3s3,1.343,3,3S13.657,15,12,15z M16.804,6.116c-0.596,0-1.08,0.484-1.08,1.08 s0.484,1.08,1.08,1.08c0.596,0,1.08-0.484,1.08-1.08S17.401,6.116,16.804,6.116z\"><\/path><\/svg><span class=\"wp-block-social-link-label screen-reader-text\">Instagram<\/span><\/a><\/li><\/ul>\n<\/div>\n\n\n\n<div id=\"wp-block-themeisle-blocks-advanced-column-ee3078f9\" class=\"wp-block-themeisle-blocks-advanced-column\">\n<div id=\"wp-block-themeisle-blocks-form-c02278c7\" class=\"wp-block-themeisle-blocks-form\" data-option-name=\"bf9b28ff82ce323187abc5d0feb0d8f07ecd8436_c02278c7\"><form class=\"otter-form__container\" action=\"\">\n<div id=\"wp-block-themeisle-blocks-form-input-b7bbe5bf\" class=\"wp-block-themeisle-blocks-form-input\"><label for=\"wp-block-themeisle-blocks-form-input-b7bbe5bf-input\" class=\"otter-form-input-label\"><span class=\"otter-form-input-label__label\">Primer nombre<\/span><span class=\"required\">*<\/span><\/label><input type=\"text\" id=\"wp-block-themeisle-blocks-form-input-b7bbe5bf-input\" required class=\"otter-form-input\"\/><\/div>\n\n\n\n<div id=\"wp-block-themeisle-blocks-form-input-6cf151a8\" class=\"wp-block-themeisle-blocks-form-input\"><label for=\"wp-block-themeisle-blocks-form-input-6cf151a8-input\" class=\"otter-form-input-label\"><span class=\"otter-form-input-label__label\">Correo electr\u00f3nico<\/span><span class=\"required\">*<\/span><\/label><input type=\"email\" id=\"wp-block-themeisle-blocks-form-input-6cf151a8-input\" required class=\"otter-form-input\"\/><\/div>\n\n\n\n<div id=\"wp-block-themeisle-blocks-form-textarea-516ebef1\" class=\"wp-block-themeisle-blocks-form-textarea\"><label for=\"wp-block-themeisle-blocks-form-textarea-516ebef1-input\" class=\"otter-form-textarea-label\"><span class=\"otter-form-textarea-label__label\">Pedido:<\/span><\/label><textarea id=\"wp-block-themeisle-blocks-form-textarea-516ebef1-input\" rows=\"10\" class=\"otter-form-textarea-input\"><\/textarea><\/div>\n\n\n\n<p class=\"has-extra-small-font-size\">Al enviar este formulario, usted acepta recibir comunicaciones por correo electr\u00f3nico de nuestra parte.<\/p>\n\n\n<div class=\"protection\" aria-hidden=\"true\"><input type=\"hidden\" id=\"wp-block-themeisle-blocks-form-c02278c7_nonce_field\" name=\"wp-block-themeisle-blocks-form-c02278c7_nonce_field\" value=\"e4d5710bcb\" \/><input type=\"hidden\" name=\"_wp_http_referer\" value=\"\/es\/wp-json\/wp\/v2\/pages\/2965\" \/><input class=\"o-anti-bot\" type=\"checkbox\"><\/div><div class=\"wp-block-button\"><button class=\"wp-block-button__link\" type=\"submit\">Entregar<\/button><\/div><input type=\"hidden\" name=\"trp-form-language\" value=\"es\"\/><\/form><\/div>\n<\/div>\n<\/div><\/div>","protected":false},"excerpt":{"rendered":"<p>Meriti ricordi straordinari! Pensa a divertirti e piaciti in ogni momento: solo un vero fotografo professionista non perde ogni momento della serata. Le foto che desideravi. Sono esclusivamente tuo.&nbsp;Seguo la tua festa con discrezione e semplicit\u00e0. Sar\u00f2 presente senza darti fastidio e senza costringerti a pose forzate. Anzi, faccio sempre [&hellip;]<\/p>\n","protected":false},"author":3,"featured_media":757,"parent":0,"menu_order":0,"comment_status":"closed","ping_status":"closed","template":"","meta":{"_eb_attr":"","_themeisle_gutenberg_block_has_review":false,"footnotes":""},"class_list":["post-2965","page","type-page","status-publish","has-post-thumbnail","hentry"],"_links":{"self":[{"href":"https:\/\/federqua.it\/es\/wp-json\/wp\/v2\/pages\/2965","targetHints":{"allow":["GET"]}}],"collection":[{"href":"https:\/\/federqua.it\/es\/wp-json\/wp\/v2\/pages"}],"about":[{"href":"https:\/\/federqua.it\/es\/wp-json\/wp\/v2\/types\/page"}],"author":[{"embeddable":true,"href":"https:\/\/federqua.it\/es\/wp-json\/wp\/v2\/users\/3"}],"replies":[{"embeddable":true,"href":"https:\/\/federqua.it\/es\/wp-json\/wp\/v2\/comments?post=2965"}],"version-history":[{"count":9,"href":"https:\/\/federqua.it\/es\/wp-json\/wp\/v2\/pages\/2965\/revisions"}],"predecessor-version":[{"id":4546,"href":"https:\/\/federqua.it\/es\/wp-json\/wp\/v2\/pages\/2965\/revisions\/4546"}],"wp:featuredmedia":[{"embeddable":true,"href":"https:\/\/federqua.it\/es\/wp-json\/wp\/v2\/media\/757"}],"wp:attachment":[{"href":"https:\/\/federqua.it\/es\/wp-json\/wp\/v2\/media?parent=2965"}],"curies":[{"name":"wp","href":"https:\/\/api.w.org\/{rel}","templated":true}]}}