{"id":2744,"date":"2023-10-10T17:15:12","date_gmt":"2023-10-10T15:15:12","guid":{"rendered":"https:\/\/federqua.it\/?page_id=2744"},"modified":"2023-10-16T21:46:23","modified_gmt":"2023-10-16T19:46:23","slug":"prenotazione-servizi-feste-e-party","status":"publish","type":"page","link":"https:\/\/federqua.it\/es\/prenotazione-servizi-feste-e-party\/","title":{"rendered":"Reserva de servicios para fiestas y celebraciones"},"content":{"rendered":"<p>Rellene este formulario para completar la reserva de nuestros servicios, asegurando la inclusi\u00f3n en nuestro calendario de trabajo y la fecha bloqueada exclusivamente para usted. <\/p>\n\n\n\n<div id=\"wp-block-themeisle-blocks-form-39b8ff9a\" class=\"wp-block-themeisle-blocks-form\" data-option-name=\"bf9b28ff82ce323187abc5d0feb0d8f07ecd8436_39b8ff9a\"><form class=\"otter-form__container\" action=\"\">\n<div id=\"wp-block-themeisle-blocks-form-input-176b88cf\" class=\"wp-block-themeisle-blocks-form-input\"><label for=\"wp-block-themeisle-blocks-form-input-176b88cf-input\" class=\"otter-form-input-label\"><span class=\"otter-form-input-label__label\">Primer nombre<\/span><span class=\"required\">*<\/span><\/label><input type=\"text\" id=\"wp-block-themeisle-blocks-form-input-176b88cf-input\" required class=\"otter-form-input\"\/><\/div>\n\n\n\n<div id=\"wp-block-themeisle-blocks-form-input-17e3f3e3\" class=\"wp-block-themeisle-blocks-form-input\"><label for=\"wp-block-themeisle-blocks-form-input-17e3f3e3-input\" class=\"otter-form-input-label\"><span class=\"otter-form-input-label__label\">Local<\/span><span class=\"required\">*<\/span><\/label><input type=\"text\" id=\"wp-block-themeisle-blocks-form-input-17e3f3e3-input\" required class=\"otter-form-input\"\/><\/div>\n\n\n\n<div id=\"wp-block-themeisle-blocks-form-input-5c40695b\" class=\"wp-block-themeisle-blocks-form-input\"><label for=\"wp-block-themeisle-blocks-form-input-5c40695b-input\" class=\"otter-form-input-label\"><span class=\"otter-form-input-label__label\">Fecha del evento<\/span><span class=\"required\">*<\/span><\/label><input type=\"date\" id=\"wp-block-themeisle-blocks-form-input-5c40695b-input\" required class=\"otter-form-input\"\/><\/div>\n\n\n\n<div id=\"wp-block-themeisle-blocks-form-input-30fcf125\" class=\"wp-block-themeisle-blocks-form-input\"><label for=\"wp-block-themeisle-blocks-form-input-30fcf125-input\" class=\"otter-form-input-label\"><span class=\"otter-form-input-label__label\">Hora de inicio por la tarde<\/span><span class=\"required\">*<\/span><\/label><input type=\"text\" id=\"wp-block-themeisle-blocks-form-input-30fcf125-input\" required class=\"otter-form-input\"\/><\/div>\n\n\n\n<div id=\"wp-block-themeisle-blocks-form-input-9d3c1f7b\" class=\"wp-block-themeisle-blocks-form-input\"><label for=\"wp-block-themeisle-blocks-form-input-9d3c1f7b-input\" class=\"otter-form-input-label\"><span class=\"otter-form-input-label__label\">N\u00famero de tel\u00e9fono de referencia del festejado (para disponibilidad el d\u00eda de la celebraci\u00f3n)<\/span><span class=\"required\">*<\/span><\/label><input type=\"text\" id=\"wp-block-themeisle-blocks-form-input-9d3c1f7b-input\" required class=\"otter-form-input\"\/><\/div>\n\n\n\n<div id=\"wp-block-themeisle-blocks-form-input-cb833bf3\" class=\"wp-block-themeisle-blocks-form-input\"><label for=\"wp-block-themeisle-blocks-form-input-cb833bf3-input\" class=\"otter-form-input-label\"><span class=\"otter-form-input-label__label\">Correo electr\u00f3nico para entrega digital<\/span><span class=\"required\">*<\/span><\/label><input type=\"email\" id=\"wp-block-themeisle-blocks-form-input-cb833bf3-input\" required class=\"otter-form-input\"\/><\/div>\n\n\n<div class=\"wp-block-themeisle-blocks-form-multiple-choice\" id=\"wp-block-themeisle-blocks-form-input-124d4733\"><label class=\"otter-form-input-label\" >Servicios seleccionados<span class=\"required\">*<\/span><\/label><div class=\"o-form-choices\"><\/div><span class=\"o-form-help\"><\/span><\/div>\n\n\n<div id=\"wp-block-themeisle-blocks-form-input-5fb54c8d\" class=\"wp-block-themeisle-blocks-form-input\"><label for=\"wp-block-themeisle-blocks-form-input-5fb54c8d-input\" class=\"otter-form-input-label\"><span class=\"otter-form-input-label__label\">Estimaci\u00f3n total acordada: <\/span><span class=\"required\">*<\/span><\/label><input type=\"text\" id=\"wp-block-themeisle-blocks-form-input-5fb54c8d-input\" required class=\"otter-form-input\"\/><\/div>\n\n\n<div class=\"protection\" aria-hidden=\"true\"><input type=\"hidden\" id=\"wp-block-themeisle-blocks-form-39b8ff9a_nonce_field\" name=\"wp-block-themeisle-blocks-form-39b8ff9a_nonce_field\" value=\"74a09fec75\" \/><input type=\"hidden\" name=\"_wp_http_referer\" value=\"\/es\/wp-json\/wp\/v2\/pages\/2744\" \/><input class=\"o-anti-bot\" type=\"checkbox\"><\/div>\n\n\n<div id=\"wp-block-themeisle-blocks-form-textarea-10542887\" class=\"wp-block-themeisle-blocks-form-input\"><label for=\"wp-block-themeisle-blocks-form-textarea-10542887-input\" class=\"otter-form-input-label\"><span class=\"otter-form-input-label__label\">Solicitudes especiales<\/span><\/label><input type=\"text\" id=\"wp-block-themeisle-blocks-form-textarea-10542887-input\" class=\"otter-form-input\"\/><\/div>\n\n\n\n<p>Los datos proporcionados en este formulario ser\u00e1n visibles exclusivamente para el personal de Federico Quagliuolo y se almacenar\u00e1n en la base de datos interna hasta el d\u00eda del evento. Posteriormente, ser\u00e1n eliminados, respetando plenamente la privacidad del cliente. <\/p>\n<div class=\"wp-block-button\"><button class=\"wp-block-button__link\" type=\"submit\">Entregar<\/button><\/div><input type=\"hidden\" name=\"trp-form-language\" value=\"es\"\/><\/form><\/div>","protected":false},"excerpt":{"rendered":"<p>Rellene este formulario para completar la reserva de nuestros servicios, asegurando la inclusi\u00f3n en nuestro calendario de trabajo y la fecha bloqueada exclusivamente para usted.<\/p>","protected":false},"author":1,"featured_media":2274,"parent":0,"menu_order":0,"comment_status":"closed","ping_status":"closed","template":"","meta":{"_eb_attr":"","_themeisle_gutenberg_block_has_review":false,"footnotes":""},"class_list":["post-2744","page","type-page","status-publish","has-post-thumbnail","hentry"],"_links":{"self":[{"href":"https:\/\/federqua.it\/es\/wp-json\/wp\/v2\/pages\/2744","targetHints":{"allow":["GET"]}}],"collection":[{"href":"https:\/\/federqua.it\/es\/wp-json\/wp\/v2\/pages"}],"about":[{"href":"https:\/\/federqua.it\/es\/wp-json\/wp\/v2\/types\/page"}],"author":[{"embeddable":true,"href":"https:\/\/federqua.it\/es\/wp-json\/wp\/v2\/users\/1"}],"replies":[{"embeddable":true,"href":"https:\/\/federqua.it\/es\/wp-json\/wp\/v2\/comments?post=2744"}],"version-history":[{"count":7,"href":"https:\/\/federqua.it\/es\/wp-json\/wp\/v2\/pages\/2744\/revisions"}],"predecessor-version":[{"id":2898,"href":"https:\/\/federqua.it\/es\/wp-json\/wp\/v2\/pages\/2744\/revisions\/2898"}],"wp:featuredmedia":[{"embeddable":true,"href":"https:\/\/federqua.it\/es\/wp-json\/wp\/v2\/media\/2274"}],"wp:attachment":[{"href":"https:\/\/federqua.it\/es\/wp-json\/wp\/v2\/media?parent=2744"}],"curies":[{"name":"wp","href":"https:\/\/api.w.org\/{rel}","templated":true}]}}