{"id":2094,"date":"2022-09-13T19:36:43","date_gmt":"2022-09-13T17:36:43","guid":{"rendered":"http:\/\/federqua.it\/?page_id=2094"},"modified":"2022-09-13T20:13:44","modified_gmt":"2022-09-13T18:13:44","slug":"album-o-fotolibro","status":"publish","type":"page","link":"https:\/\/federqua.it\/es\/album-o-fotolibro\/","title":{"rendered":"\u00c1lbum o libro de fotos"},"content":{"rendered":"<p>Elige la forma<br \/>\n        de tus recuerdos<\/p>\n<p>            \u00a1Imprime tus fotos!<br \/>\n            Vivimos en un mar de recuerdos digitales. Vives con una biblioteca de miles y miles de fotos que, estad\u00edsticamente, rara vez se consultan. Imprime los recuerdos de tus mejores d\u00edas, gu\u00e1rdalos en casa y comp\u00e1rtelos con amigos e invitados. Tengo acuerdos con los mejores productores italianos para crear el \u00e1lbum perfecto para ti.<br \/>\n              En esta p\u00e1gina te ayudar\u00e9 a elegir entre \u00e1lbumes, libros de fotos y otros productos adecuados para ti.<\/p>\n<p>            Mis socios seleccionados:<\/p>\n<p>            Elecci\u00f3n inteligente: libro de fotos<br \/>\n            Un libro de tapa dura con fotograf\u00edas impresas directamente en el<br \/>\nHojas de papel satinado. Las dimensiones, peque\u00f1as y<br \/>\nPr\u00e1cticos frente a los \u00e1lbumes de fotos tradicionales, mejoran la portabilidad, la practicidad y la rapidez de consulta.&nbsp;<br \/>\n              Otro<br \/>\nLa ventaja es la reducci\u00f3n de costes y la<br \/>\nPosibilidad de elegir los patrones de dise\u00f1o de las fotograf\u00edas.<br \/>\nLos gr\u00e1ficos y el dise\u00f1o se crean a partir de las fotograf\u00edas.<br \/>\nEl cliente lo elige y siempre se lo muestro antes de enviarlo a imprimir. M\u00ednimo 50 p\u00e1ginas.<\/p>\n<p>              Perfecto para cualquier ocasi\u00f3n: desde la boda de los m\u00e1s j\u00f3venes hasta fiestas de 18 a\u00f1os, graduaciones, bautizos y comuniones.&nbsp;<\/p>\n<p>              Consejo del fot\u00f3grafo: \u00a1Reg\u00e1lale una versi\u00f3n peque\u00f1a a un familiar!<\/p>\n<p>            Vea una galer\u00eda de ejemplos<\/p>\n<p>                El \u00e1lbum atemporal<br \/>\n                Una soluci\u00f3n con un encanto eterno. Para<br \/>\nRecuerda tu boda con un toque tradicional. El \u00e1lbum cl\u00e1sico tiene un tama\u00f1o generoso (de 30x30)<br \/>\ny la producci\u00f3n es totalmente artesanal. Las fotos se imprimen primero en papel Fujifilm con efecto seda y luego se pegan manualmente con<br \/>\nAdhesivo o con cantoneras especiales. Las p\u00e1ginas se pueden intercalar con papel de seda.<br \/>\nLa cubierta puede ser de cuero, tela o ecopiel. El producto se puede personalizar de cualquier forma, a diferencia del \u00e1lbum de fotos, eligiendo la calidad del papel, la cubierta y otras ideas decorativas. M\u00ednimo 40 p\u00e1ginas (80 p\u00e1ginas). Procuro exclusivamente de una antigua encuadernaci\u00f3n napolitana, que produce el \u00e1lbum a mano.&nbsp;<\/p>\n<p>                El \u00e1lbum ideal para una boda con gustos m\u00e1s cl\u00e1sicos.&nbsp;<\/p>\n<p>                  Consejo del fot\u00f3grafo: \u00a1Personaliza tu \u00e1lbum al m\u00e1ximo! A\u00f1ade tus iniciales y gu\u00e1rdalo en una caja muy elegante.<\/p>\n<p>                Aqu\u00ed tienes una galer\u00eda de ejemplos para ti.<\/p>\n<p>                  Consejos del fot\u00f3grafo<br \/>\n                   Siguiendo mi estilo, que sigue la escuela moderna de reportaje fotogr\u00e1fico, suelo proponer el fotolibro. Los comentarios de los clientes me han demostrado que se consulta con m\u00e1s frecuencia y es m\u00e1s...<br \/>\npr\u00e1ctico. Recomiendo un n\u00famero de p\u00e1ginas que va de 10 a 50. Para cada tipo de<br \/>\nevento Tambi\u00e9n recomiendo comprar Matted Prints, que son marcos pr\u00e1cticos con<br \/>\nFotograf\u00edas reemplazables instant\u00e1neamente.<br \/>\n\t\t\t\t\t\tEl USB personalizado tambi\u00e9n es muy elegante.&nbsp;<\/p>\n<p>            \u00a1Dale color a tu hogar!<br \/>\n            \u00a1Las ideas para fotos no terminan ah\u00ed! Recomiendo las impresiones con paspart\u00fa: una innovaci\u00f3n peque\u00f1a y brillante, fruto de mi colaboraci\u00f3n con Album Epoca. Se trata de peque\u00f1os y elegantes marcos de paspart\u00fa con una foto impresa en su interior: puedes elegir 5 y reemplazarlos al instante. \u00bfO has pensado en un p\u00f3ster o un lienzo?<br \/>\n              Tengo mil soluciones para ti.&nbsp;<\/p>\n<p>            Cont\u00e1ctame para reservar tu fiesta<\/p>\n<p>            Elegir un \u00e1lbum de fotos es tan importante como la fiesta misma. Es el recuerdo que guardar\u00e1s de ese d\u00eda para siempre.&nbsp;<\/p>","protected":false},"excerpt":{"rendered":"<p>Scegli la forma dei tuoi ricordi Stampa le tue foto! Viviamo in un mare di ricordi digitali. Convivi con una libreria di migliaia e migliaia di foto che, statisticamente, saranno poco consultate. Stampa i ricordi dei tuoi giorni pi\u00f9 belli, conservali nella tua casa e condividili con gli amici e [&hellip;]<\/p>\n","protected":false},"author":3,"featured_media":0,"parent":0,"menu_order":0,"comment_status":"closed","ping_status":"closed","template":"","meta":{"_eb_attr":"","_themeisle_gutenberg_block_has_review":false,"footnotes":""},"class_list":["post-2094","page","type-page","status-publish","hentry"],"_links":{"self":[{"href":"https:\/\/federqua.it\/es\/wp-json\/wp\/v2\/pages\/2094","targetHints":{"allow":["GET"]}}],"collection":[{"href":"https:\/\/federqua.it\/es\/wp-json\/wp\/v2\/pages"}],"about":[{"href":"https:\/\/federqua.it\/es\/wp-json\/wp\/v2\/types\/page"}],"author":[{"embeddable":true,"href":"https:\/\/federqua.it\/es\/wp-json\/wp\/v2\/users\/3"}],"replies":[{"embeddable":true,"href":"https:\/\/federqua.it\/es\/wp-json\/wp\/v2\/comments?post=2094"}],"version-history":[{"count":3,"href":"https:\/\/federqua.it\/es\/wp-json\/wp\/v2\/pages\/2094\/revisions"}],"predecessor-version":[{"id":2141,"href":"https:\/\/federqua.it\/es\/wp-json\/wp\/v2\/pages\/2094\/revisions\/2141"}],"wp:attachment":[{"href":"https:\/\/federqua.it\/es\/wp-json\/wp\/v2\/media?parent=2094"}],"curies":[{"name":"wp","href":"https:\/\/api.w.org\/{rel}","templated":true}]}}