{"id":2029,"date":"2022-06-06T02:56:42","date_gmt":"2022-06-06T00:56:42","guid":{"rendered":"http:\/\/federqua.it\/?page_id=2029"},"modified":"2022-06-06T02:56:45","modified_gmt":"2022-06-06T00:56:45","slug":"fotografo-per-feste-18-anni-a-napoli-e-salerno","status":"publish","type":"page","link":"https:\/\/federqua.it\/es\/fotografo-per-feste-18-anni-a-napoli-e-salerno\/","title":{"rendered":"Fot\u00f3grafo para fiestas de 18 a\u00f1os en N\u00e1poles y Salerno"},"content":{"rendered":"","protected":false},"excerpt":{"rendered":"","protected":false},"author":3,"featured_media":0,"parent":0,"menu_order":0,"comment_status":"closed","ping_status":"closed","template":"","meta":{"_eb_attr":"","_themeisle_gutenberg_block_has_review":false,"footnotes":""},"class_list":["post-2029","page","type-page","status-publish","hentry"],"_links":{"self":[{"href":"https:\/\/federqua.it\/es\/wp-json\/wp\/v2\/pages\/2029","targetHints":{"allow":["GET"]}}],"collection":[{"href":"https:\/\/federqua.it\/es\/wp-json\/wp\/v2\/pages"}],"about":[{"href":"https:\/\/federqua.it\/es\/wp-json\/wp\/v2\/types\/page"}],"author":[{"embeddable":true,"href":"https:\/\/federqua.it\/es\/wp-json\/wp\/v2\/users\/3"}],"replies":[{"embeddable":true,"href":"https:\/\/federqua.it\/es\/wp-json\/wp\/v2\/comments?post=2029"}],"version-history":[{"count":1,"href":"https:\/\/federqua.it\/es\/wp-json\/wp\/v2\/pages\/2029\/revisions"}],"predecessor-version":[{"id":2030,"href":"https:\/\/federqua.it\/es\/wp-json\/wp\/v2\/pages\/2029\/revisions\/2030"}],"wp:attachment":[{"href":"https:\/\/federqua.it\/es\/wp-json\/wp\/v2\/media?parent=2029"}],"curies":[{"name":"wp","href":"https:\/\/api.w.org\/{rel}","templated":true}]}}