{"id":4506,"date":"2025-04-02T23:29:27","date_gmt":"2025-04-02T21:29:27","guid":{"rendered":"https:\/\/federqua.it\/?page_id=4506"},"modified":"2025-09-16T22:27:26","modified_gmt":"2025-09-16T20:27:26","slug":"prezzi-quanto-costa-un-servizio-fotografico-matrimoniale","status":"publish","type":"page","link":"https:\/\/federqua.it\/en\/prezzi-quanto-costa-un-servizio-fotografico-matrimoniale\/","title":{"rendered":"Prices \u2013 How much does a wedding photography service cost?"},"content":{"rendered":"<p>Every wedding is different and, in a professional service,<strong> there are no &quot;menus&quot; like in a restaurant<\/strong>: a service may vary due to extra services or long journeys, or a budget may be <strong>reduced<\/strong> where circumstances require reduced working hours, such as in the case of events taking place in the same location or a <strong>micro-wedding.<\/strong><\/p>\n\n\n\n<p>Each proposal is studied <strong>based on your needs<\/strong>: <strong>human contact and empathy<\/strong> They are the fundamental basis of my photographic services.<\/p>\n\n\n\n<div class=\"wp-block-cover alignfull has-custom-content-position is-position-top-left\" style=\"margin-top:0;padding-top:5vw;padding-right:5vw;padding-bottom:5vw;padding-left:5vw;min-height:187px;aspect-ratio:unset;\"><img decoding=\"async\" class=\"wp-block-cover__image-background wp-image-333\" alt=\"\" src=\"https:\/\/pd.w.org\/2022\/07\/87262c92d42acd1c3.73206444.jpg\" style=\"object-position:50% 0%\" data-object-fit=\"cover\" data-object-position=\"50% 0%\"\/><span aria-hidden=\"true\" class=\"wp-block-cover__background has-background-dim-90 has-background-dim\" style=\"background-color:#141414\"><\/span><div class=\"wp-block-cover__inner-container is-layout-flow wp-block-cover-is-layout-flow\">\n<div class=\"wp-block-group wp-container-content-9cfa9a5a is-vertical is-content-justification-center is-nowrap is-layout-flex wp-container-core-group-is-layout-b29eb492 wp-block-group-is-layout-flex\">\n<p class=\"has-text-align-center has-text-color has-source-serif-pro-font-family\" style=\"color:#d8a557;font-size:54px;font-style:italic;font-weight:900;letter-spacing:-4px;line-height:0.8;text-transform:none\">Dates are flying by. Book now!<\/p>\n<\/div>\n<\/div><\/div>\n\n\n\n<div class=\"wp-block-group alignfull animated fadeIn\" style=\"margin-top:0px;margin-bottom:0px;padding-top:0px;padding-right:0px;padding-bottom:0px;padding-left:0px\"><div class=\"wp-block-group__inner-container is-layout-flow wp-container-core-group-is-layout-10d01144 wp-block-group-is-layout-flow\">\n<div class=\"wp-block-columns are-vertically-aligned-center animated fadeInLeft is-layout-flex wp-container-core-columns-is-layout-d2ca7aa4 wp-block-columns-is-layout-flex\">\n<div class=\"wp-block-column is-vertically-aligned-center has-raft-bg-alt-background-color has-background is-layout-flow wp-block-column-is-layout-flow\" style=\"padding-top:32px;padding-right:32px;padding-bottom:32px;padding-left:32px\"><div class=\"wp-block-image\">\n<figure class=\"aligncenter size-large\"><img loading=\"lazy\" decoding=\"async\" width=\"683\" height=\"1024\" src=\"https:\/\/federqua.it\/wp-content\/uploads\/2024\/10\/Matrimonio-F6P-659-683x1024.jpg\" alt=\"\" class=\"wp-image-4361\" srcset=\"https:\/\/federqua.it\/wp-content\/uploads\/2024\/10\/Matrimonio-F6P-659-683x1024.jpg 683w, https:\/\/federqua.it\/wp-content\/uploads\/2024\/10\/Matrimonio-F6P-659-200x300.jpg 200w, https:\/\/federqua.it\/wp-content\/uploads\/2024\/10\/Matrimonio-F6P-659-768x1152.jpg 768w, https:\/\/federqua.it\/wp-content\/uploads\/2024\/10\/Matrimonio-F6P-659-1024x1536.jpg 1024w, https:\/\/federqua.it\/wp-content\/uploads\/2024\/10\/Matrimonio-F6P-659-1365x2048.jpg 1365w, https:\/\/federqua.it\/wp-content\/uploads\/2024\/10\/Matrimonio-F6P-659-scaled.jpg 1707w\" sizes=\"auto, (max-width: 683px) 100vw, 683px\" \/><\/figure>\n<\/div><\/div>\n\n\n\n<div class=\"wp-block-column is-vertically-aligned-center is-layout-flow wp-block-column-is-layout-flow\" style=\"padding-top:32px;padding-right:32px;padding-bottom:32px;padding-left:32px\">\n<div class=\"wp-block-group\"><div class=\"wp-block-group__inner-container is-layout-constrained wp-container-core-group-is-layout-6d6486c8 wp-block-group-is-layout-constrained\">\n<h2 class=\"wp-block-heading has-text-align-center\">All day wedding<\/h2>\n\n\n\n<ul class=\"wp-block-list\">\n<li>\u2705 Digital only: <strong>ASK FOR A QUOTE!<\/strong><\/li>\n\n\n\n<li>\u2705 <em>BONUS: If you book now, I&#039;ll give you the Polaroids delivered instantly<\/em><\/li>\n\n\n\n<li><br>\u2022 10 hours of photographic coverage<br>\u2022 Plus another 30-40 hours of photo editing after your day <br>\u2022 Free travel to Campania<br>\u2022 Private digital gallery with more than 600-700 hand-selected and edited photographs<br>\u2022 A digital archive to download photographs in original quality<\/li>\n<\/ul>\n<\/div><\/div>\n<\/div>\n<\/div>\n\n\n\n<div id=\"wp-block-themeisle-blocks-advanced-columns-678cc482\" class=\"wp-block-themeisle-blocks-advanced-columns alignfull has-1-columns has-desktop-equal-layout has-tablet-equal-layout has-mobile-collapsedRows-layout has-reverse-columns-mobile has-vertical-bottom ticss-c00aadba animated fadeIn\"><div class=\"wp-block-themeisle-blocks-advanced-columns-overlay\"><\/div><div class=\"innerblocks-wrap\">\n<div id=\"wp-block-themeisle-blocks-advanced-column-4d412c51\" class=\"wp-block-themeisle-blocks-advanced-column\">\n<h2 id=\"wp-block-themeisle-blocks-advanced-heading-fb3c7a39\" class=\"wp-block-themeisle-blocks-advanced-heading wp-block-themeisle-blocks-advanced-heading-fb3c7a39\">What am I paying for?<\/h2>\n\n\n\n<p class=\"has-text-align-center has-text-color\" style=\"color:#fefefe\">There is much more to the reception than just the hours spent there. <br>From continuous equipment updates to editing. I will accompany you in this link to discover what happens \u201cbehind the scenes\u201d when you invest in my professionalism.<\/p>\n\n\n\n<div class=\"wp-block-buttons is-content-justification-center is-layout-flex wp-container-core-buttons-is-layout-a89b3969 wp-block-buttons-is-layout-flex\">\n<div class=\"wp-block-button\"><a class=\"wp-block-button__link wp-element-button\" href=\"https:\/\/federqua.it\/en\/2025\/04\/03\/su-cosa-sto-investendo-ti-spiego-il-lavoro-del-fotografo-professionista\/\">Find out more<\/a><\/div>\n<\/div>\n<\/div>\n<\/div><\/div>\n<\/div><\/div>\n\n\n\n<div class=\"wp-block-columns are-vertically-aligned-center is-layout-flex wp-container-core-columns-is-layout-d2ca7aa4 wp-block-columns-is-layout-flex\">\n<div class=\"wp-block-column is-vertically-aligned-center animated fadeInRight has-raft-bg-alt-background-color has-background is-layout-flow wp-block-column-is-layout-flow\" style=\"padding-top:32px;padding-right:32px;padding-bottom:32px;padding-left:32px\"><div class=\"wp-block-image\">\n<figure class=\"aligncenter size-large\"><img loading=\"lazy\" decoding=\"async\" width=\"1024\" height=\"683\" src=\"https:\/\/federqua.it\/wp-content\/uploads\/2024\/10\/Matrimonio-CM-0850-1024x683.jpg\" alt=\"\" class=\"wp-image-4329\" srcset=\"https:\/\/federqua.it\/wp-content\/uploads\/2024\/10\/Matrimonio-CM-0850-1024x683.jpg 1024w, https:\/\/federqua.it\/wp-content\/uploads\/2024\/10\/Matrimonio-CM-0850-300x200.jpg 300w, https:\/\/federqua.it\/wp-content\/uploads\/2024\/10\/Matrimonio-CM-0850-768x512.jpg 768w, https:\/\/federqua.it\/wp-content\/uploads\/2024\/10\/Matrimonio-CM-0850-1536x1024.jpg 1536w, https:\/\/federqua.it\/wp-content\/uploads\/2024\/10\/Matrimonio-CM-0850-2048x1365.jpg 2048w, https:\/\/federqua.it\/wp-content\/uploads\/2024\/10\/Matrimonio-CM-0850-360x240.jpg 360w\" sizes=\"auto, (max-width: 1024px) 100vw, 1024px\" \/><\/figure>\n<\/div><\/div>\n\n\n\n<div class=\"wp-block-column is-vertically-aligned-center animated fadeInRight is-layout-flow wp-block-column-is-layout-flow\" style=\"padding-top:32px;padding-right:32px;padding-bottom:32px;padding-left:32px\">\n<div class=\"wp-block-group\"><div class=\"wp-block-group__inner-container is-layout-constrained wp-container-core-group-is-layout-6d6486c8 wp-block-group-is-layout-constrained\">\n<h2 class=\"wp-block-heading\">Mini wedding<\/h2>\n\n\n\n<p>If your wedding has fewer than 80 guests, the ceremony and reception are in the same location, the duration is shorter than usual or you want photographic coverage of only part of the event, we have different ratings. <\/p>\n\n\n\n<p>\u2705 Digital only offer: <strong>starting from 1500\u20ac<\/strong><\/p>\n\n\n\n<p><strong>\u2705 <\/strong><em>BONUS: If you book now, I&#039;ll give you the Polaroids delivered instantly<\/em><\/p>\n<\/div><\/div>\n<\/div>\n<\/div>\n\n\n\n<h1 class=\"wp-block-heading has-text-align-center\">We like you! How to ask for a quote?<\/h1>\n\n\n\n<div class=\"wp-block-buttons is-content-justification-center is-layout-flex wp-container-core-buttons-is-layout-a89b3969 wp-block-buttons-is-layout-flex\">\n<div class=\"wp-block-button\"><a class=\"wp-block-button__link has-text-align-center wp-element-button\" href=\"https:\/\/koalendar.com\/e\/call-per-matrimonio-frontpage-studio\" target=\"_blank\" rel=\"noopener\">Book an appointment or a call by clicking here<\/a><\/div>\n<\/div>\n\n\n\n\n\n<div id=\"wp-block-themeisle-blocks-advanced-columns-88357565\" class=\"wp-block-themeisle-blocks-advanced-columns alignfull has-2-columns has-desktop-equal-layout has-tablet-equal-layout has-mobile-collapsedRows-layout has-vertical-center ticss-c00aadba\"><div class=\"wp-block-themeisle-blocks-advanced-columns-overlay\"><\/div><div class=\"innerblocks-wrap\">\n<div id=\"wp-block-themeisle-blocks-advanced-column-65377dfd\" class=\"wp-block-themeisle-blocks-advanced-column\"><div class=\"wp-block-image is-style-rounded\">\n<figure class=\"aligncenter size-full is-resized\"><img loading=\"lazy\" decoding=\"async\" width=\"2560\" height=\"1707\" src=\"https:\/\/federqua.it\/wp-content\/uploads\/2024\/11\/Matrimonio-DV-1048-scaled.jpg\" alt=\"\" class=\"wp-image-4439\" style=\"aspect-ratio:1;object-fit:cover;width:270px\" srcset=\"https:\/\/federqua.it\/wp-content\/uploads\/2024\/11\/Matrimonio-DV-1048-scaled.jpg 2560w, https:\/\/federqua.it\/wp-content\/uploads\/2024\/11\/Matrimonio-DV-1048-300x200.jpg 300w, https:\/\/federqua.it\/wp-content\/uploads\/2024\/11\/Matrimonio-DV-1048-1024x683.jpg 1024w, https:\/\/federqua.it\/wp-content\/uploads\/2024\/11\/Matrimonio-DV-1048-768x512.jpg 768w, https:\/\/federqua.it\/wp-content\/uploads\/2024\/11\/Matrimonio-DV-1048-1536x1024.jpg 1536w, https:\/\/federqua.it\/wp-content\/uploads\/2024\/11\/Matrimonio-DV-1048-2048x1365.jpg 2048w, https:\/\/federqua.it\/wp-content\/uploads\/2024\/11\/Matrimonio-DV-1048-360x240.jpg 360w\" sizes=\"auto, (max-width: 2560px) 100vw, 2560px\" \/><\/figure>\n<\/div><\/div>\n\n\n\n<div id=\"wp-block-themeisle-blocks-advanced-column-ccb43057\" class=\"wp-block-themeisle-blocks-advanced-column\">\n<p id=\"wp-block-themeisle-blocks-advanced-heading-fa0dd853\" class=\"wp-block-themeisle-blocks-advanced-heading wp-block-themeisle-blocks-advanced-heading-fa0dd853\">\u201cFederico and his team were fantastic in all phases of the wedding, in the weeks before with advice and organization and during the wedding with great kindness and sympathy as well as great professionalism.\u201d<\/p>\n\n\n\n<p id=\"wp-block-themeisle-blocks-advanced-heading-37339a78\" class=\"wp-block-themeisle-blocks-advanced-heading wp-block-themeisle-blocks-advanced-heading-37339a78\"><strong>Daniele, groom<\/strong><\/p>\n<\/div>\n<\/div><\/div>\n\n\n\n<h2 class=\"wp-block-heading has-text-align-center\">They are often requested\u2026<\/h2>\n\n\n\n<div id=\"wp-block-themeisle-blocks-advanced-columns-dfd643f3\" class=\"wp-block-themeisle-blocks-advanced-columns alignfull has-3-columns has-desktop-equal-layout has-tablet-equal-layout has-mobile-collapsedRows-layout has-vertical-center ticss-c00aadba animated fadeIn delay-500ms\"><div class=\"wp-block-themeisle-blocks-advanced-columns-overlay\"><\/div><div class=\"innerblocks-wrap\">\n<div id=\"wp-block-themeisle-blocks-advanced-column-127ec10e\" class=\"wp-block-themeisle-blocks-advanced-column\">\n<div class=\"wp-block-cover is-light\"><img loading=\"lazy\" decoding=\"async\" width=\"1707\" height=\"2560\" class=\"wp-block-cover__image-background wp-image-1082\" alt=\"\" src=\"https:\/\/federqua.it\/wp-content\/uploads\/2021\/06\/DSCF2662-1-scaled.jpg\" data-object-fit=\"cover\" srcset=\"https:\/\/federqua.it\/wp-content\/uploads\/2021\/06\/DSCF2662-1-scaled.jpg 1707w, https:\/\/federqua.it\/wp-content\/uploads\/2021\/06\/DSCF2662-1-200x300.jpg 200w, https:\/\/federqua.it\/wp-content\/uploads\/2021\/06\/DSCF2662-1-683x1024.jpg 683w, https:\/\/federqua.it\/wp-content\/uploads\/2021\/06\/DSCF2662-1-768x1152.jpg 768w, https:\/\/federqua.it\/wp-content\/uploads\/2021\/06\/DSCF2662-1-1024x1536.jpg 1024w, https:\/\/federqua.it\/wp-content\/uploads\/2021\/06\/DSCF2662-1-1365x2048.jpg 1365w\" sizes=\"auto, (max-width: 1707px) 100vw, 1707px\" \/><span aria-hidden=\"true\" class=\"wp-block-cover__background has-background-dim\" style=\"background-color:#888687\"><\/span><div class=\"wp-block-cover__inner-container is-layout-flow wp-block-cover-is-layout-flow\">\n<h2 class=\"wp-block-heading has-text-align-center has-white-color has-text-color\" id=\"people\"><a href=\"https:\/\/federqua.it\/en\/2025\/08\/16\/album-di-matrimonio-tipologie-incluse-e-personalizzazioni-disponibili\/\" data-type=\"link\" data-id=\"https:\/\/federqua.it\/2025\/08\/16\/album-di-matrimonio-tipologie-incluse-e-personalizzazioni-disponibili\/\">Album<\/a><\/h2>\n<\/div><\/div>\n<\/div>\n\n\n\n<div id=\"wp-block-themeisle-blocks-advanced-column-eefb8312\" class=\"wp-block-themeisle-blocks-advanced-column\">\n<div class=\"wp-block-cover\"><img loading=\"lazy\" decoding=\"async\" width=\"1707\" height=\"2560\" class=\"wp-block-cover__image-background wp-image-4306\" alt=\"\" src=\"https:\/\/federqua.it\/wp-content\/uploads\/2024\/10\/Matrimonio-CM-0311-scaled.jpg\" data-object-fit=\"cover\" srcset=\"https:\/\/federqua.it\/wp-content\/uploads\/2024\/10\/Matrimonio-CM-0311-scaled.jpg 1707w, https:\/\/federqua.it\/wp-content\/uploads\/2024\/10\/Matrimonio-CM-0311-200x300.jpg 200w, https:\/\/federqua.it\/wp-content\/uploads\/2024\/10\/Matrimonio-CM-0311-683x1024.jpg 683w, https:\/\/federqua.it\/wp-content\/uploads\/2024\/10\/Matrimonio-CM-0311-768x1152.jpg 768w, https:\/\/federqua.it\/wp-content\/uploads\/2024\/10\/Matrimonio-CM-0311-1024x1536.jpg 1024w, https:\/\/federqua.it\/wp-content\/uploads\/2024\/10\/Matrimonio-CM-0311-1365x2048.jpg 1365w\" sizes=\"auto, (max-width: 1707px) 100vw, 1707px\" \/><span aria-hidden=\"true\" class=\"wp-block-cover__background has-background-dim\" style=\"background-color:#7f7d7f\"><\/span><div class=\"wp-block-cover__inner-container is-layout-flow wp-block-cover-is-layout-flow\">\n<h2 class=\"wp-block-heading has-text-align-center has-white-color has-text-color\" id=\"buildings\"><a href=\"https:\/\/federqua.it\/film.html\" data-type=\"link\" data-id=\"https:\/\/federqua.it\/film.html\">Video maker<\/a><br><a href=\"https:\/\/federqua.it\/film.html\">(click here for a portfolio)<\/a><\/h2>\n<\/div><\/div>\n<\/div>\n\n\n\n<div id=\"wp-block-themeisle-blocks-advanced-column-9136d16a\" class=\"wp-block-themeisle-blocks-advanced-column\">\n<div class=\"wp-block-cover is-light\"><img loading=\"lazy\" decoding=\"async\" width=\"724\" height=\"1086\" class=\"wp-block-cover__image-background wp-image-4287\" alt=\"\" src=\"https:\/\/federqua.it\/wp-content\/uploads\/2024\/09\/730C62B0-BE79-4633-9B0B-A2928F334A78_1_105_c.jpeg\" data-object-fit=\"cover\" srcset=\"https:\/\/federqua.it\/wp-content\/uploads\/2024\/09\/730C62B0-BE79-4633-9B0B-A2928F334A78_1_105_c.jpeg 724w, https:\/\/federqua.it\/wp-content\/uploads\/2024\/09\/730C62B0-BE79-4633-9B0B-A2928F334A78_1_105_c-200x300.jpeg 200w, https:\/\/federqua.it\/wp-content\/uploads\/2024\/09\/730C62B0-BE79-4633-9B0B-A2928F334A78_1_105_c-683x1024.jpeg 683w\" sizes=\"auto, (max-width: 724px) 100vw, 724px\" \/><span aria-hidden=\"true\" class=\"wp-block-cover__background has-background-dim\" style=\"background-color:#9e9182\"><\/span><div class=\"wp-block-cover__inner-container is-layout-flow wp-block-cover-is-layout-flow\">\n<h2 class=\"wp-block-heading has-text-align-center has-white-color has-text-color\" id=\"nature\">Photographic set<\/h2>\n<\/div><\/div>\n<\/div>\n<\/div><\/div>\n\n\n\n<p class=\"has-text-align-center has-text-color\" style=\"color:#fefefe\">I can&#039;t wait to meet you. Let&#039;s set up a call and tell me every detail of your special day. I will produce a precise quote for you.<\/p>\n\n\n<div id=\"rank-math-faq\" class=\"rank-math-block\">\n<div class=\"rank-math-list\">\n<div id=\"faq-question-1743627247321\" class=\"rank-math-list-item\">\n<h3 class=\"rank-math-question\">How long does the photo shoot last?<\/h3>\n<div class=\"rank-math-answer\">\n\n<p>A standard wedding performance is about 10 hours, which is more than enough time to cover every single aspect of the day. Obviously, there is a longer time tolerance: I&#039;m not running away!<\/p>\n\n<\/div>\n<\/div>\n<div id=\"faq-question-1743627335435\" class=\"rank-math-list-item\">\n<h3 class=\"rank-math-question\">How many photos do you deliver?<\/h3>\n<div class=\"rank-math-answer\">\n\n<p>How many photos will be born during the event. Every wedding is different and it is my job to always be vigilant to capture every good opportunity or every detail. You will not have less than 500 photos, on average a professional photographer takes between 50 and 70 photos per hour. <\/p>\n\n<\/div>\n<\/div>\n<div id=\"faq-question-1743627437628\" class=\"rank-math-list-item\">\n<h3 class=\"rank-math-question\">How do you deliver the photos?<\/h3>\n<div class=\"rank-math-answer\">\n\n<p>Through a private digital gallery, a link to an archive to download the photographs or, if requested, a personalized pen. <\/p>\n\n<\/div>\n<\/div>\n<div id=\"faq-question-1743627698475\" class=\"rank-math-list-item\">\n<h3 class=\"rank-math-question\">Will you take us far away to create the photo shoot?<\/h3>\n<div class=\"rank-math-answer\">\n\n<p>Absolutely not, unless you ask me to. We plan the ceremony in every detail and, among other things, we will also calculate the travel time between the church and the venue, just so as not to ruin even a moment (and not to leave the poor guests under the sun for hours!)<\/p>\n\n<\/div>\n<\/div>\n<div id=\"faq-question-1743627767700\" class=\"rank-math-list-item\">\n<h3 class=\"rank-math-question\">Do you make the videos yourself?<\/h3>\n<div class=\"rank-math-answer\">\n\n<p>We have affiliated professional video maker studios, with over twenty years of experience. We will be happy to add them to our service. <\/p>\n\n<\/div>\n<\/div>\n<div id=\"faq-question-1743627811591\" class=\"rank-math-list-item\">\n<h3 class=\"rank-math-question\">Can you guarantee your presence at the wedding?<\/h3>\n<div class=\"rank-math-answer\">\n\n<p>Yes, I take very few dates a year just to favor quality. You will have me as a reference from the first to the last moment of our relationship. <\/p>\n\n<\/div>\n<\/div>\n<\/div>\n<\/div>","protected":false},"excerpt":{"rendered":"<p>Ogni matrimonio \u00e8 differente e, in un servizio professionale, non esistono &#8220;men\u00f9&#8221; come al ristorante: un servizio pu\u00f2 variare a causa di prestazioni extra o viaggi lunghi, oppure un budget pu\u00f2 essere ridotto qualora le circostanze richiedano tempi ridotti di lavoro, come nei casi di eventi svolti nello stesso luogo [&hellip;]<\/p>\n","protected":false},"author":3,"featured_media":4354,"parent":0,"menu_order":0,"comment_status":"closed","ping_status":"closed","template":"","meta":{"_eb_attr":"","_themeisle_gutenberg_block_has_review":false,"footnotes":""},"class_list":["post-4506","page","type-page","status-publish","has-post-thumbnail","hentry"],"_links":{"self":[{"href":"https:\/\/federqua.it\/en\/wp-json\/wp\/v2\/pages\/4506","targetHints":{"allow":["GET"]}}],"collection":[{"href":"https:\/\/federqua.it\/en\/wp-json\/wp\/v2\/pages"}],"about":[{"href":"https:\/\/federqua.it\/en\/wp-json\/wp\/v2\/types\/page"}],"author":[{"embeddable":true,"href":"https:\/\/federqua.it\/en\/wp-json\/wp\/v2\/users\/3"}],"replies":[{"embeddable":true,"href":"https:\/\/federqua.it\/en\/wp-json\/wp\/v2\/comments?post=4506"}],"version-history":[{"count":13,"href":"https:\/\/federqua.it\/en\/wp-json\/wp\/v2\/pages\/4506\/revisions"}],"predecessor-version":[{"id":5058,"href":"https:\/\/federqua.it\/en\/wp-json\/wp\/v2\/pages\/4506\/revisions\/5058"}],"wp:featuredmedia":[{"embeddable":true,"href":"https:\/\/federqua.it\/en\/wp-json\/wp\/v2\/media\/4354"}],"wp:attachment":[{"href":"https:\/\/federqua.it\/en\/wp-json\/wp\/v2\/media?parent=4506"}],"curies":[{"name":"wp","href":"https:\/\/api.w.org\/{rel}","templated":true}]}}