{"id":4505,"date":"2025-04-02T19:24:10","date_gmt":"2025-04-02T17:24:10","guid":{"rendered":"https:\/\/federqua.it\/?page_id=4505"},"modified":"2025-04-02T23:54:33","modified_gmt":"2025-04-02T21:54:33","slug":"siamo-la-scelta-perfetta-per-te-scopriamolo-in-1-minuto","status":"publish","type":"page","link":"https:\/\/federqua.it\/en\/siamo-la-scelta-perfetta-per-te-scopriamolo-in-1-minuto\/","title":{"rendered":"Are we the perfect choice for you?"},"content":{"rendered":"<p>Choosing a wedding photographer is not easy. On one hand there are supplier comparison websites, where you can only make a commercial and superficial comparison, on the other hand there are the thousand unknowns in choosing.<\/p>\n\n\n\n<p>The photographer, even before the priest, is one of the most important yeses that the spouses will have to give on their wedding day: the memories of a lifetime will be based on what we do together and certainly you can&#039;t leave a responsibility like that to the first person who comes along. <\/p>\n\n\n\n<p><strong>You only need three questions to understand if we are a perfect \u201cmatch\u201d.<\/strong><\/p>\n\n\n\n<div data-tf-live=\"01JQVD9A97DYCBEHJ667D5X4HV\"><\/div><script src=\"\/\/embed.typeform.com\/next\/embed.js\"><\/script>","protected":false},"excerpt":{"rendered":"<p>Scegliere un fotografo di matrimonio non \u00e8 facile. Da un lato ci sono i siti web comparatori di fornitori, dove si pu\u00f2 svolgere solo un confronto commerciale e superficiale, dall&#8217;altro ci sono le mille incognite nello scegliere. Il fotografo, ancor prima del prete, \u00e8 uno dei pi\u00f9 importanti s\u00ec che [&hellip;]<\/p>\n","protected":false},"author":3,"featured_media":4405,"parent":0,"menu_order":0,"comment_status":"closed","ping_status":"closed","template":"","meta":{"_eb_attr":"","_themeisle_gutenberg_block_has_review":false,"footnotes":""},"class_list":["post-4505","page","type-page","status-publish","has-post-thumbnail","hentry"],"_links":{"self":[{"href":"https:\/\/federqua.it\/en\/wp-json\/wp\/v2\/pages\/4505","targetHints":{"allow":["GET"]}}],"collection":[{"href":"https:\/\/federqua.it\/en\/wp-json\/wp\/v2\/pages"}],"about":[{"href":"https:\/\/federqua.it\/en\/wp-json\/wp\/v2\/types\/page"}],"author":[{"embeddable":true,"href":"https:\/\/federqua.it\/en\/wp-json\/wp\/v2\/users\/3"}],"replies":[{"embeddable":true,"href":"https:\/\/federqua.it\/en\/wp-json\/wp\/v2\/comments?post=4505"}],"version-history":[{"count":5,"href":"https:\/\/federqua.it\/en\/wp-json\/wp\/v2\/pages\/4505\/revisions"}],"predecessor-version":[{"id":4538,"href":"https:\/\/federqua.it\/en\/wp-json\/wp\/v2\/pages\/4505\/revisions\/4538"}],"wp:featuredmedia":[{"embeddable":true,"href":"https:\/\/federqua.it\/en\/wp-json\/wp\/v2\/media\/4405"}],"wp:attachment":[{"href":"https:\/\/federqua.it\/en\/wp-json\/wp\/v2\/media?parent=4505"}],"curies":[{"name":"wp","href":"https:\/\/api.w.org\/{rel}","templated":true}]}}